{"id":5274,"date":"2017-08-03T13:03:17","date_gmt":"2017-08-03T11:03:17","guid":{"rendered":"https:\/\/winneroil.com\/producto\/symbol-8000-5w30-504507-ll\/"},"modified":"2017-08-03T13:03:17","modified_gmt":"2017-08-03T11:03:17","slug":"symbol-8000-5w30-504507-ll","status":"publish","type":"product","link":"https:\/\/winneroil.com\/pt-pt\/produto\/symbol-8000-5w30-504507-ll\/","title":{"rendered":"SYMBOL 8000 5W30 504\/507 LL"},"content":{"rendered":"<p>Lubricante 100% sint\u00e9tico desarrollado para motores gasolina y di\u00e9sel de veh\u00edculos equipados con modernas motorizaciones que requieren cumplir con las normas de emisi\u00f3n Euro IV y Euro V, y que exigen lubricantes Low SAPS (bajo nivel de cenizas sulfatadas, f\u00f3sforo y azufre).<\/p>\n","protected":false},"excerpt":{"rendered":"<p>ACEA C3-12<br \/>\nVW 504.00\/507.00<br \/>\nVW 501.01\/502.00\/505.01<br \/>\nMB-229.51<br \/>\nPORSCHE C30<br \/>\nBMW LL-04<\/p>\n<p>&nbsp;<\/p>\n","protected":false},"featured_media":5273,"comment_status":"closed","ping_status":"closed","template":"","meta":[],"_links":{"self":[{"href":"https:\/\/winneroil.com\/pt-pt\/wp-json\/wp\/v2\/product\/5274"}],"collection":[{"href":"https:\/\/winneroil.com\/pt-pt\/wp-json\/wp\/v2\/product"}],"about":[{"href":"https:\/\/winneroil.com\/pt-pt\/wp-json\/wp\/v2\/types\/product"}],"replies":[{"embeddable":true,"href":"https:\/\/winneroil.com\/pt-pt\/wp-json\/wp\/v2\/comments?post=5274"}],"wp:featuredmedia":[{"embeddable":true,"href":"https:\/\/winneroil.com\/pt-pt\/wp-json\/wp\/v2\/media\/5273"}],"wp:attachment":[{"href":"https:\/\/winneroil.com\/pt-pt\/wp-json\/wp\/v2\/media?parent=5274"}],"curies":[{"name":"wp","href":"https:\/\/api.w.org\/{rel}","templated":true}]}}