{"id":5116,"date":"2017-06-08T12:51:05","date_gmt":"2017-06-08T10:51:05","guid":{"rendered":"http:\/\/winneroil.com\/producto\/symbol-3000-15w40\/"},"modified":"2017-08-04T14:30:46","modified_gmt":"2017-08-04T12:30:46","slug":"symbol-3000-15w40","status":"publish","type":"product","link":"https:\/\/winneroil.com\/pt-pt\/produto\/symbol-3000-15w40\/","title":{"rendered":"SYMBOL 3000 15W40"},"content":{"rendered":"<p class=\"p1\">Lubrificante multigraduado de base mineral,<span class=\"Apple-converted-space\">\u00a0 <\/span>indicado para usar em ve\u00edculos ligeiros a gasolina ou diesel, convencionais ou de injec\u00e7\u00e3o directa.<\/p>\n","protected":false},"excerpt":{"rendered":"<p>API CH4\/SJ<br \/>\nACEA B4\/A3<br \/>\nMB 228.1<br \/>\nVW 501.00\/505.00<\/p>\n","protected":false},"featured_media":5294,"comment_status":"closed","ping_status":"closed","template":"","meta":[],"_links":{"self":[{"href":"https:\/\/winneroil.com\/pt-pt\/wp-json\/wp\/v2\/product\/5116"}],"collection":[{"href":"https:\/\/winneroil.com\/pt-pt\/wp-json\/wp\/v2\/product"}],"about":[{"href":"https:\/\/winneroil.com\/pt-pt\/wp-json\/wp\/v2\/types\/product"}],"replies":[{"embeddable":true,"href":"https:\/\/winneroil.com\/pt-pt\/wp-json\/wp\/v2\/comments?post=5116"}],"wp:featuredmedia":[{"embeddable":true,"href":"https:\/\/winneroil.com\/pt-pt\/wp-json\/wp\/v2\/media\/5294"}],"wp:attachment":[{"href":"https:\/\/winneroil.com\/pt-pt\/wp-json\/wp\/v2\/media?parent=5116"}],"curies":[{"name":"wp","href":"https:\/\/api.w.org\/{rel}","templated":true}]}}