{"id":5109,"date":"2011-08-18T17:12:00","date_gmt":"2011-08-18T15:12:00","guid":{"rendered":"http:\/\/winneroil.com\/producto\/transwin-atf-dxr-ii\/"},"modified":"2017-06-08T13:15:59","modified_gmt":"2017-06-08T11:15:59","slug":"transwin-atf-dxr-ii","status":"publish","type":"product","link":"https:\/\/winneroil.com\/pt-pt\/produto\/transwin-atf-dxr-ii\/","title":{"rendered":"TRANSWIN ATF DXR II"},"content":{"rendered":"<p class=\"p1\">Flu\u00eddo para transmiss\u00f5es autom\u00e1ticas, formulado com \u00f3leos minerais de alta qualidade e aditivos especiais, recomendado para todos os ve\u00edculos onde se recomenda um ATF Dexron II. Pode ser utilizado como flu\u00eddo hidr\u00e1ulico antidesgaste para o sector autom\u00f3vel e aplica\u00e7\u00f5es industriais.<\/p>\n","protected":false},"excerpt":{"rendered":"<p>DEXRON II D<br \/>\nGM Tipo A Sufijo A<br \/>\nFORD MERCON<br \/>\nMB-236.9<br \/>\nALLISON C-4<br \/>\nZF TE-ML-05L\/09<br \/>\nVOITH 55.6355.xx<br \/>\nMAN 339 V-1\/ Z-1<br \/>\nCATERPILLAR TO-2<br \/>\nVOLVO 97335<\/p>\n","protected":false},"featured_media":5315,"comment_status":"open","ping_status":"closed","template":"","meta":[],"_links":{"self":[{"href":"https:\/\/winneroil.com\/pt-pt\/wp-json\/wp\/v2\/product\/5109"}],"collection":[{"href":"https:\/\/winneroil.com\/pt-pt\/wp-json\/wp\/v2\/product"}],"about":[{"href":"https:\/\/winneroil.com\/pt-pt\/wp-json\/wp\/v2\/types\/product"}],"replies":[{"embeddable":true,"href":"https:\/\/winneroil.com\/pt-pt\/wp-json\/wp\/v2\/comments?post=5109"}],"wp:featuredmedia":[{"embeddable":true,"href":"https:\/\/winneroil.com\/pt-pt\/wp-json\/wp\/v2\/media\/5315"}],"wp:attachment":[{"href":"https:\/\/winneroil.com\/pt-pt\/wp-json\/wp\/v2\/media?parent=5109"}],"curies":[{"name":"wp","href":"https:\/\/api.w.org\/{rel}","templated":true}]}}