{"id":5107,"date":"2011-08-18T17:12:00","date_gmt":"2011-08-18T15:12:00","guid":{"rendered":"http:\/\/winneroil.com\/producto\/peulla-pocalin\/"},"modified":"2017-06-08T13:11:51","modified_gmt":"2017-06-08T11:11:51","slug":"peulla-pocalin","status":"publish","type":"product","link":"https:\/\/winneroil.com\/pt-pt\/produto\/peulla-pocalin\/","title":{"rendered":"PEULLA POCALIN"},"content":{"rendered":"<p class=\"p1\"><span class=\"s1\">Especialmente recomendado para sistemas hidr\u00e1ulicos de maquinaria de obras p\u00fablicas ou maquinaria de minas onde seja requerido o n\u00edvel de qualidade POCLAIN (P00552-13P), ou similar.<\/span><\/p>\n","protected":false},"excerpt":{"rendered":"<p>POCLAIN<br \/>\n(grado P110 32-03J)<br \/>\nVICKERS I-286-S y M-2950-S<br \/>\nDIN 51524 Parte 3 Clase HVLP<br \/>\nISO 6743-4 HV<br \/>\nAFNOR NFE 48-603 (HV)<\/p>\n","protected":false},"featured_media":0,"comment_status":"open","ping_status":"closed","template":"","meta":[],"_links":{"self":[{"href":"https:\/\/winneroil.com\/pt-pt\/wp-json\/wp\/v2\/product\/5107"}],"collection":[{"href":"https:\/\/winneroil.com\/pt-pt\/wp-json\/wp\/v2\/product"}],"about":[{"href":"https:\/\/winneroil.com\/pt-pt\/wp-json\/wp\/v2\/types\/product"}],"replies":[{"embeddable":true,"href":"https:\/\/winneroil.com\/pt-pt\/wp-json\/wp\/v2\/comments?post=5107"}],"wp:attachment":[{"href":"https:\/\/winneroil.com\/pt-pt\/wp-json\/wp\/v2\/media?parent=5107"}],"curies":[{"name":"wp","href":"https:\/\/api.w.org\/{rel}","templated":true}]}}