{"id":5105,"date":"2011-08-18T17:12:00","date_gmt":"2011-08-18T15:12:00","guid":{"rendered":"http:\/\/winneroil.com\/producto\/motowin-15w50-sintex\/"},"modified":"2017-06-08T13:12:24","modified_gmt":"2017-06-08T11:12:24","slug":"motowin-15w50-sintex","status":"publish","type":"product","link":"https:\/\/winneroil.com\/pt-pt\/produto\/motowin-15w50-sintex\/","title":{"rendered":"MOTOWIN 15W50 SINTEX"},"content":{"rendered":"<p class=\"p1\">Lubrificante de composi\u00e7\u00e3o sint\u00e9tica. Desenvolvido para satisfazer as exig\u00eancias dos modernos motores de 4 tempos de motos de alta e m\u00e9dia cilindrada. Menor consumo de combust\u00edvel, ligado a uma menor fric\u00e7\u00e3o que os lubrificantes convencionais.<\/p>\n","protected":false},"excerpt":{"rendered":"<p>API SJ &#8211; CF<br \/>\nJASO MA, MA2 (T903:2006)<\/p>\n","protected":false},"featured_media":0,"comment_status":"open","ping_status":"closed","template":"","meta":[],"_links":{"self":[{"href":"https:\/\/winneroil.com\/pt-pt\/wp-json\/wp\/v2\/product\/5105"}],"collection":[{"href":"https:\/\/winneroil.com\/pt-pt\/wp-json\/wp\/v2\/product"}],"about":[{"href":"https:\/\/winneroil.com\/pt-pt\/wp-json\/wp\/v2\/types\/product"}],"replies":[{"embeddable":true,"href":"https:\/\/winneroil.com\/pt-pt\/wp-json\/wp\/v2\/comments?post=5105"}],"wp:attachment":[{"href":"https:\/\/winneroil.com\/pt-pt\/wp-json\/wp\/v2\/media?parent=5105"}],"curies":[{"name":"wp","href":"https:\/\/api.w.org\/{rel}","templated":true}]}}