{"id":5104,"date":"2011-08-18T17:12:00","date_gmt":"2011-08-18T15:12:00","guid":{"rendered":"http:\/\/winneroil.com\/producto\/motowin-20w50-sintex\/"},"modified":"2017-06-08T13:12:41","modified_gmt":"2017-06-08T11:12:41","slug":"motowin-20w50-sintex","status":"publish","type":"product","link":"https:\/\/winneroil.com\/pt-pt\/produto\/motowin-20w50-sintex\/","title":{"rendered":"MOTOWIN 20W50 SINTEX"},"content":{"rendered":"<p class=\"p1\">Lubrificante de composi\u00e7\u00e3o sint\u00e9tica. Desenvolvido para satisfazer as exig\u00eancias dos modernos motores de 4 tempos de motos de alta e m\u00e9dia cilindrada. Facilita o arranque em frio pela sua baixa viscosidade e grande poder lubrificante a qualquer temperatura.<\/p>\n","protected":false},"excerpt":{"rendered":"<p>API SJ &#8211; CF<br \/>\nJASO MA, MA2 (T903:2006)<\/p>\n","protected":false},"featured_media":0,"comment_status":"open","ping_status":"closed","template":"","meta":[],"_links":{"self":[{"href":"https:\/\/winneroil.com\/pt-pt\/wp-json\/wp\/v2\/product\/5104"}],"collection":[{"href":"https:\/\/winneroil.com\/pt-pt\/wp-json\/wp\/v2\/product"}],"about":[{"href":"https:\/\/winneroil.com\/pt-pt\/wp-json\/wp\/v2\/types\/product"}],"replies":[{"embeddable":true,"href":"https:\/\/winneroil.com\/pt-pt\/wp-json\/wp\/v2\/comments?post=5104"}],"wp:attachment":[{"href":"https:\/\/winneroil.com\/pt-pt\/wp-json\/wp\/v2\/media?parent=5104"}],"curies":[{"name":"wp","href":"https:\/\/api.w.org\/{rel}","templated":true}]}}