{"id":5103,"date":"2011-08-18T17:12:00","date_gmt":"2011-08-18T15:12:00","guid":{"rendered":"http:\/\/winneroil.com\/producto\/peulla-lpd-46-68\/"},"modified":"2017-06-08T13:11:40","modified_gmt":"2017-06-08T11:11:40","slug":"peulla-lpd-46-68","status":"publish","type":"product","link":"https:\/\/winneroil.com\/pt-pt\/produto\/peulla-lpd-46-68\/","title":{"rendered":"PEULLA LPD 46 68"},"content":{"rendered":"<p class=\"p1\">Lubrificante hidr\u00e1ulico \u201cdetergente\u201d, especialmente formulado para circuitos que trabalhem em condi\u00e7\u00f5es de servi\u00e7o severo e que requeiram propriedades de absor\u00e7\u00e3o de \u00e1gua.<\/p>\n","protected":false},"excerpt":{"rendered":"<p>DIN 51524 P2 HLP<br \/>\nDIN 51517 P3 CLP<br \/>\nMAN N 698 (Aceite hidr\u00e1ulico tipo HLPD)<\/p>\n","protected":false},"featured_media":0,"comment_status":"open","ping_status":"closed","template":"","meta":[],"_links":{"self":[{"href":"https:\/\/winneroil.com\/pt-pt\/wp-json\/wp\/v2\/product\/5103"}],"collection":[{"href":"https:\/\/winneroil.com\/pt-pt\/wp-json\/wp\/v2\/product"}],"about":[{"href":"https:\/\/winneroil.com\/pt-pt\/wp-json\/wp\/v2\/types\/product"}],"replies":[{"embeddable":true,"href":"https:\/\/winneroil.com\/pt-pt\/wp-json\/wp\/v2\/comments?post=5103"}],"wp:attachment":[{"href":"https:\/\/winneroil.com\/pt-pt\/wp-json\/wp\/v2\/media?parent=5103"}],"curies":[{"name":"wp","href":"https:\/\/api.w.org\/{rel}","templated":true}]}}