{"id":5102,"date":"2011-08-18T17:12:00","date_gmt":"2011-08-18T15:12:00","guid":{"rendered":"http:\/\/winneroil.com\/producto\/peulla-32-46-68-100\/"},"modified":"2017-06-08T13:11:29","modified_gmt":"2017-06-08T11:11:29","slug":"peulla-32-46-68-100","status":"publish","type":"product","link":"https:\/\/winneroil.com\/pt-pt\/produto\/peulla-32-46-68-100\/","title":{"rendered":"PEULLA 32 46 68 100"},"content":{"rendered":"<p class=\"p1\">Lubrificante hidr\u00e1ulico de alta qualidade, recomendado especialmente em sistemas hidr\u00e1ulicos que trabalhem em condi\u00e7\u00f5es muito severas e sens\u00edveis ao desgaste.<\/p>\n<p class=\"p1\">Recomendado para maqu\u00ednaria de Obras P\u00fablicas e Constru\u00e7\u00e3o.<\/p>\n","protected":false},"excerpt":{"rendered":"<p>DIN 51524 Parte 2 HLP<br \/>\nDENISON HF0\/HF1\/HF2<br \/>\nB.F. GOODRICH 0152<br \/>\nAFNOR NF E 48-603 HL,HM<br \/>\nAFNOR NF E 48-690\/48-691<br \/>\nLEE NORSE 100, US STEEL 136<br \/>\nCIN. MILACRON P68-P69-P70.-<br \/>\nFORD M 6C32, GENERAL MOTORS LH 04 1\/06 1\/ 15 1<\/p>\n","protected":false},"featured_media":5307,"comment_status":"open","ping_status":"closed","template":"","meta":[],"_links":{"self":[{"href":"https:\/\/winneroil.com\/pt-pt\/wp-json\/wp\/v2\/product\/5102"}],"collection":[{"href":"https:\/\/winneroil.com\/pt-pt\/wp-json\/wp\/v2\/product"}],"about":[{"href":"https:\/\/winneroil.com\/pt-pt\/wp-json\/wp\/v2\/types\/product"}],"replies":[{"embeddable":true,"href":"https:\/\/winneroil.com\/pt-pt\/wp-json\/wp\/v2\/comments?post=5102"}],"wp:featuredmedia":[{"embeddable":true,"href":"https:\/\/winneroil.com\/pt-pt\/wp-json\/wp\/v2\/media\/5307"}],"wp:attachment":[{"href":"https:\/\/winneroil.com\/pt-pt\/wp-json\/wp\/v2\/media?parent=5102"}],"curies":[{"name":"wp","href":"https:\/\/api.w.org\/{rel}","templated":true}]}}