{"id":5100,"date":"2011-08-18T17:12:00","date_gmt":"2011-08-18T15:12:00","guid":{"rendered":"http:\/\/winneroil.com\/producto\/agroserra-cadenas\/"},"modified":"2017-06-08T13:08:57","modified_gmt":"2017-06-08T11:08:57","slug":"agroserra-cadenas","status":"publish","type":"product","link":"https:\/\/winneroil.com\/pt-pt\/produto\/agroserra-cadenas\/","title":{"rendered":"AGROSERRA CADENAS"},"content":{"rendered":"<p class=\"p1\">\u00d3leo mineral com uma alta viscosidade e um excelente poder de lubrifica\u00e7\u00e3o com aditivos antioxidantes. A sua formula\u00e7\u00e3o especial confere uma total aus\u00eancia de maus odores, assim como uma garantia de que a madeira cortada n\u00e3o fique manchada.<\/p>\n<p class=\"p1\">A sua aditiva\u00e7\u00e3o especial aderente assegura a permanencia sobre as correntes de uma pel\u00edcula lubrificante, inclusiv\u00e9 em condi\u00e7\u00f5es de trabalho extremas.<\/p>\n","protected":false},"excerpt":{"rendered":"<p>\u00d3leo mineral com uma alta viscosidade e um excelente poder de lubrifica\u00e7\u00e3o com aditivos antioxidantes. A sua formula\u00e7\u00e3o especial confere uma total aus\u00eancia de maus odores, assim como<a class=\"moretag\" href=\"https:\/\/winneroil.com\/pt-pt\/produto\/agroserra-cadenas\/\"> &#8230;[+]<\/a><\/p>\n","protected":false},"featured_media":0,"comment_status":"open","ping_status":"closed","template":"","meta":[],"_links":{"self":[{"href":"https:\/\/winneroil.com\/pt-pt\/wp-json\/wp\/v2\/product\/5100"}],"collection":[{"href":"https:\/\/winneroil.com\/pt-pt\/wp-json\/wp\/v2\/product"}],"about":[{"href":"https:\/\/winneroil.com\/pt-pt\/wp-json\/wp\/v2\/types\/product"}],"replies":[{"embeddable":true,"href":"https:\/\/winneroil.com\/pt-pt\/wp-json\/wp\/v2\/comments?post=5100"}],"wp:attachment":[{"href":"https:\/\/winneroil.com\/pt-pt\/wp-json\/wp\/v2\/media?parent=5100"}],"curies":[{"name":"wp","href":"https:\/\/api.w.org\/{rel}","templated":true}]}}