{"id":5099,"date":"2011-08-18T17:12:00","date_gmt":"2011-08-18T15:12:00","guid":{"rendered":"http:\/\/winneroil.com\/producto\/agroserra-discos-esp\/"},"modified":"2017-06-08T13:09:07","modified_gmt":"2017-06-08T11:09:07","slug":"agroserra-discos-esp","status":"publish","type":"product","link":"https:\/\/winneroil.com\/pt-pt\/produto\/agroserra-discos-esp\/","title":{"rendered":"AGROSERRA DISCOS ESP"},"content":{"rendered":"<p class=\"p1\">\u00d3leo mineral lubrificante para lubrifica\u00e7\u00f5es de correntes das motosserras. Cont\u00e9m aditivos aderentes, antioxidantes e anti desgaste que lhe conferem excelentes propriedades de lubrifica\u00e7\u00e3o e protec\u00e7\u00e3o. A sua especial aditiva\u00e7\u00e3o aderente assegura a perman\u00eancia de uma pel\u00edcula lubrificante sobre as correntes, inclusive em condi\u00e7\u00f5es de trabalho severas. Alta viscosidade especial.<\/p>\n","protected":false},"excerpt":{"rendered":"<p>\u00d3leo mineral lubrificante para lubrifica\u00e7\u00f5es de correntes das motosserras. Cont\u00e9m aditivos aderentes, antioxidantes e anti desgaste que lhe conferem excelentes propriedades de lubrifica\u00e7\u00e3o e protec\u00e7\u00e3o. A sua especial<a class=\"moretag\" href=\"https:\/\/winneroil.com\/pt-pt\/produto\/agroserra-discos-esp\/\"> &#8230;[+]<\/a><\/p>\n","protected":false},"featured_media":0,"comment_status":"open","ping_status":"closed","template":"","meta":[],"_links":{"self":[{"href":"https:\/\/winneroil.com\/pt-pt\/wp-json\/wp\/v2\/product\/5099"}],"collection":[{"href":"https:\/\/winneroil.com\/pt-pt\/wp-json\/wp\/v2\/product"}],"about":[{"href":"https:\/\/winneroil.com\/pt-pt\/wp-json\/wp\/v2\/types\/product"}],"replies":[{"embeddable":true,"href":"https:\/\/winneroil.com\/pt-pt\/wp-json\/wp\/v2\/comments?post=5099"}],"wp:attachment":[{"href":"https:\/\/winneroil.com\/pt-pt\/wp-json\/wp\/v2\/media?parent=5099"}],"curies":[{"name":"wp","href":"https:\/\/api.w.org\/{rel}","templated":true}]}}