{"id":5098,"date":"2011-08-18T17:12:00","date_gmt":"2011-08-18T15:12:00","guid":{"rendered":"http:\/\/winneroil.com\/producto\/gearwin-75w80-80w90-85w140\/"},"modified":"2017-06-08T13:09:38","modified_gmt":"2017-06-08T11:09:38","slug":"gearwin-75w80-80w90-85w140","status":"publish","type":"product","link":"https:\/\/winneroil.com\/pt-pt\/produto\/gearwin-75w80-80w90-85w140\/","title":{"rendered":"GEARWIN 75W80 80W90 85W140"},"content":{"rendered":"<p class=\"p1\">Lubrificante multigraduado de extrema press\u00e3o, formulado para as caixas de velocidades n\u00e3o sincronizadas onde seja recomendado a utiliza\u00e7\u00e3o de um lubrificante deste tipo.<\/p>\n<p class=\"p1\">Lubrificante multigraduado de Extrema Press\u00e3o (EP), desenvolvido para utilizar em caixas de velocidades manuais, diferenciais e grupos de transmiss\u00f5es. \u00d3ptima protec\u00e7\u00e3o em condi\u00e7\u00f5es de trabalho e temperaturas severas.<\/p>\n<p class=\"p1\">Lubrificante mineral especialmente desenvolvido para caixas de velocidades manuais, onde se necessitem n\u00edveis de extrema press\u00e3o (EP), grande flu\u00eddez com baixas temperaturas e uma viscosidade com impacto de choque que aguente altas cargas.<\/p>\n<p class=\"p1\">Recomendado para: Caixas de velocidades de ve\u00edculos pesados e de obras p\u00fablicas, diferenciais e engrenagens hip\u00f3ides entre outras.<\/p>\n","protected":false},"excerpt":{"rendered":"<p>API GL-5\/ MT-1<br \/>\nMIL-L-2105D-E<br \/>\nMAN 342 M1<br \/>\nMAN 342 M2 (160.000 Km)<br \/>\nSCANIA STO 1:0<br \/>\nVOLVO 1273.10<br \/>\nSAE J2360<br \/>\nZF-ML-05A\/ 07A\/ 08\/ 16B-D\/ 12E\/ 17B\/ 19B \/21A<\/p>\n","protected":false},"featured_media":0,"comment_status":"open","ping_status":"closed","template":"","meta":[],"_links":{"self":[{"href":"https:\/\/winneroil.com\/pt-pt\/wp-json\/wp\/v2\/product\/5098"}],"collection":[{"href":"https:\/\/winneroil.com\/pt-pt\/wp-json\/wp\/v2\/product"}],"about":[{"href":"https:\/\/winneroil.com\/pt-pt\/wp-json\/wp\/v2\/types\/product"}],"replies":[{"embeddable":true,"href":"https:\/\/winneroil.com\/pt-pt\/wp-json\/wp\/v2\/comments?post=5098"}],"wp:attachment":[{"href":"https:\/\/winneroil.com\/pt-pt\/wp-json\/wp\/v2\/media?parent=5098"}],"curies":[{"name":"wp","href":"https:\/\/api.w.org\/{rel}","templated":true}]}}