{"id":5097,"date":"2011-08-18T17:12:00","date_gmt":"2011-08-18T15:12:00","guid":{"rendered":"http:\/\/winneroil.com\/producto\/gearwin-sintex-75w80-75w90-75w140\/"},"modified":"2017-06-08T13:09:50","modified_gmt":"2017-06-08T11:09:50","slug":"gearwin-sintex-75w80-75w90-75w140","status":"publish","type":"product","link":"https:\/\/winneroil.com\/pt-pt\/produto\/gearwin-sintex-75w80-75w90-75w140\/","title":{"rendered":"GEARWIN SINTEX 75W80 75W90 75W140"},"content":{"rendered":"<p class=\"p1\">Lubrificante de tecnologia sint\u00e9tica mulgraduado de extrema press\u00e3o. Produto adequado para a lubrifica\u00e7\u00e3o de diferenciais que trabalhem com elevadas cargas e para caixas de velocidades n\u00e3o sincronizadas onde seja recomendado a utiliza\u00e7\u00e3o de um lubrificante deste tipo.<\/p>\n","protected":false},"excerpt":{"rendered":"<p>API GL-5\/ MT-1<br \/>\nMIL-L-2105D-E<br \/>\nMAN 342 M1<br \/>\nMAN 342 M2 (160.000 Km)<br \/>\nSCANIA STO 1:0<br \/>\nVOLVO 1273.10<br \/>\nSAE J2360<br \/>\nZF-ML-05A\/ 07A\/ 08\/ 16B-D\/ 12E\/ 17B\/ 19B \/21A<\/p>\n","protected":false},"featured_media":5302,"comment_status":"open","ping_status":"closed","template":"","meta":[],"_links":{"self":[{"href":"https:\/\/winneroil.com\/pt-pt\/wp-json\/wp\/v2\/product\/5097"}],"collection":[{"href":"https:\/\/winneroil.com\/pt-pt\/wp-json\/wp\/v2\/product"}],"about":[{"href":"https:\/\/winneroil.com\/pt-pt\/wp-json\/wp\/v2\/types\/product"}],"replies":[{"embeddable":true,"href":"https:\/\/winneroil.com\/pt-pt\/wp-json\/wp\/v2\/comments?post=5097"}],"wp:featuredmedia":[{"embeddable":true,"href":"https:\/\/winneroil.com\/pt-pt\/wp-json\/wp\/v2\/media\/5302"}],"wp:attachment":[{"href":"https:\/\/winneroil.com\/pt-pt\/wp-json\/wp\/v2\/media?parent=5097"}],"curies":[{"name":"wp","href":"https:\/\/api.w.org\/{rel}","templated":true}]}}