{"id":5096,"date":"2011-08-18T17:12:00","date_gmt":"2011-08-18T15:12:00","guid":{"rendered":"http:\/\/winneroil.com\/producto\/gearwin-lsd-75w80-80w90-85w140-sae-90\/"},"modified":"2017-06-08T13:10:04","modified_gmt":"2017-06-08T11:10:04","slug":"gearwin-lsd-75w80-80w90-85w140-sae-90","status":"publish","type":"product","link":"https:\/\/winneroil.com\/pt-pt\/produto\/gearwin-lsd-75w80-80w90-85w140-sae-90\/","title":{"rendered":"GEARWIN LSD 75W80 80W90 85W140 SAE 90"},"content":{"rendered":"<p class=\"p1\">\u00d3leo multigraduado de extrema press\u00e3o recomendado para uso em diferenciais autoblocantes e eixos motrizes de ve\u00edculos de Obras P\u00fablicas e todo-o-terreno com trac\u00e7\u00e3o \u00e0s quatro rodas onde sejam necess\u00e1rios flu\u00eddos com caracter\u00edsticas LSD.<\/p>\n","protected":false},"excerpt":{"rendered":"<p>API GL-5\/ GL-5 LS<br \/>\nMT-1<br \/>\nMIL-L-2105D<\/p>\n","protected":false},"featured_media":5327,"comment_status":"open","ping_status":"closed","template":"","meta":[],"_links":{"self":[{"href":"https:\/\/winneroil.com\/pt-pt\/wp-json\/wp\/v2\/product\/5096"}],"collection":[{"href":"https:\/\/winneroil.com\/pt-pt\/wp-json\/wp\/v2\/product"}],"about":[{"href":"https:\/\/winneroil.com\/pt-pt\/wp-json\/wp\/v2\/types\/product"}],"replies":[{"embeddable":true,"href":"https:\/\/winneroil.com\/pt-pt\/wp-json\/wp\/v2\/comments?post=5096"}],"wp:featuredmedia":[{"embeddable":true,"href":"https:\/\/winneroil.com\/pt-pt\/wp-json\/wp\/v2\/media\/5327"}],"wp:attachment":[{"href":"https:\/\/winneroil.com\/pt-pt\/wp-json\/wp\/v2\/media?parent=5096"}],"curies":[{"name":"wp","href":"https:\/\/api.w.org\/{rel}","templated":true}]}}