{"id":5095,"date":"2011-08-18T17:12:00","date_gmt":"2011-08-18T15:12:00","guid":{"rendered":"http:\/\/winneroil.com\/producto\/gearwin-ultra-sintex-75w80-75w85\/"},"modified":"2017-06-08T13:10:15","modified_gmt":"2017-06-08T11:10:15","slug":"gearwin-ultra-sintex-75w80-75w85","status":"publish","type":"product","link":"https:\/\/winneroil.com\/pt-pt\/produto\/gearwin-ultra-sintex-75w80-75w85\/","title":{"rendered":"GEARWIN ULTRA SINTEX 75W80 75W85"},"content":{"rendered":"<p class=\"p1\">Lubrificante sint\u00e9tico multigraduado desenvolvido para a lubrifica\u00e7\u00e3o de caixas de velocidades manuais (sincronizadas ou n\u00e3o) de ve\u00edculos pesados. Cumpre com a especifica\u00e7\u00e3o ZF TE-ML 02L (inclui e supera ZF TE ML 02D), permitindo intervalos de mudan\u00e7as at\u00e9 300.000 Km nas caixas de velocidades deste construtor. Proporciona as melhores caracter\u00edsticas de funcionamento das caixas de velocidades, maiores intervalos de mudan\u00e7a e excelente estabilidade t\u00e9rmica.<\/p>\n<p class=\"p1\">A f\u00f3rmula deste produto est\u00e1 aprovada pelos principais fabricantes OEM\u00b4s (MAN, Mercedes, Volvo\u2026) para o uso em transmiss\u00f5es manuais de ve\u00edculos pesados. \u00c9 compat\u00edvel com todos os materiais usados nos sincronizadores, pelo que lhe d\u00e1 uma grande versatilidade.<\/p>\n","protected":false},"excerpt":{"rendered":"<p>API GL-4<br \/>\nMB 235.4<br \/>\nDAF<br \/>\nIVECO 18-1807 CLAS MGS1<br \/>\nEaton<br \/>\nIVECO<br \/>\nZF TE-ML 02L<br \/>\nMAN 341 Z-4<br \/>\nMAN 341 E3<br \/>\nRenault<br \/>\nVolvo 97305<br \/>\nZF TE-L 01L\/02L\/08\/13\/16K<\/p>\n","protected":false},"featured_media":0,"comment_status":"open","ping_status":"closed","template":"","meta":[],"_links":{"self":[{"href":"https:\/\/winneroil.com\/pt-pt\/wp-json\/wp\/v2\/product\/5095"}],"collection":[{"href":"https:\/\/winneroil.com\/pt-pt\/wp-json\/wp\/v2\/product"}],"about":[{"href":"https:\/\/winneroil.com\/pt-pt\/wp-json\/wp\/v2\/types\/product"}],"replies":[{"embeddable":true,"href":"https:\/\/winneroil.com\/pt-pt\/wp-json\/wp\/v2\/comments?post=5095"}],"wp:attachment":[{"href":"https:\/\/winneroil.com\/pt-pt\/wp-json\/wp\/v2\/media?parent=5095"}],"curies":[{"name":"wp","href":"https:\/\/api.w.org\/{rel}","templated":true}]}}