{"id":5092,"date":"2011-08-18T17:12:00","date_gmt":"2011-08-18T15:12:00","guid":{"rendered":"http:\/\/winneroil.com\/producto\/transwin-atf-dxr-iii\/"},"modified":"2017-06-08T13:15:52","modified_gmt":"2017-06-08T11:15:52","slug":"transwin-atf-dxr-iii","status":"publish","type":"product","link":"https:\/\/winneroil.com\/pt-pt\/produto\/transwin-atf-dxr-iii\/","title":{"rendered":"TRANSWIN ATF DXR III"},"content":{"rendered":"<p class=\"p1\">Lubrificante mineral para utiliza\u00e7\u00e3o em servo transmiss\u00f5es e transmiss\u00f5es autom\u00e1ticas, cumprindo com as novas exig\u00eancias dos fabricantes de autom\u00f3veis. Recomendado para todos os ve\u00edculos onde seja exigido um ATF Dexron III.<\/p>\n","protected":false},"excerpt":{"rendered":"<p>GM Dexron III G<br \/>\nMB 236,1 -236,9<br \/>\nMAN 339 F, ZF TE ML 04D-17C<br \/>\nFORD MERCON<br \/>\nALLISON C-4<br \/>\nVOITH G-607<\/p>\n","protected":false},"featured_media":5317,"comment_status":"open","ping_status":"closed","template":"","meta":[],"_links":{"self":[{"href":"https:\/\/winneroil.com\/pt-pt\/wp-json\/wp\/v2\/product\/5092"}],"collection":[{"href":"https:\/\/winneroil.com\/pt-pt\/wp-json\/wp\/v2\/product"}],"about":[{"href":"https:\/\/winneroil.com\/pt-pt\/wp-json\/wp\/v2\/types\/product"}],"replies":[{"embeddable":true,"href":"https:\/\/winneroil.com\/pt-pt\/wp-json\/wp\/v2\/comments?post=5092"}],"wp:featuredmedia":[{"embeddable":true,"href":"https:\/\/winneroil.com\/pt-pt\/wp-json\/wp\/v2\/media\/5317"}],"wp:attachment":[{"href":"https:\/\/winneroil.com\/pt-pt\/wp-json\/wp\/v2\/media?parent=5092"}],"curies":[{"name":"wp","href":"https:\/\/api.w.org\/{rel}","templated":true}]}}