{"id":5091,"date":"2011-08-18T17:12:00","date_gmt":"2011-08-18T15:12:00","guid":{"rendered":"http:\/\/winneroil.com\/producto\/transwin-atf-dxr-vi\/"},"modified":"2017-06-08T13:15:45","modified_gmt":"2017-06-08T11:15:45","slug":"transwin-atf-dxr-vi","status":"publish","type":"product","link":"https:\/\/winneroil.com\/pt-pt\/produto\/transwin-atf-dxr-vi\/","title":{"rendered":"TRANSWIN ATF DXR VI"},"content":{"rendered":"<p class=\"p1\">Lubrificante de altas presta\u00e7\u00f5es 100% PAO especialmente desenvolvido para as caixas de velocidades autom\u00e1ticas modernas (modo manual, ou sequencial, controle electr\u00f3nico\u2026), equipados com um sistema de bloqueio do convertedor por acoplador viscoso (discos de fric\u00e7\u00e3o submergidos), que exijam um lubrificante de caixa autom\u00e1tica que responda \u00e0 norma DEXRON VI e\/ou MERCON V.<\/p>\n","protected":false},"excerpt":{"rendered":"<p>ALLISON C4<br \/>\nTES -295<br \/>\nTES-389<br \/>\nFORD MERCON V<br \/>\nFORD FNR5<br \/>\nFORD XL-12<br \/>\nGM Autotrack-II<br \/>\nGM DEXRON IIIH<br \/>\nGM DEXRON VI<br \/>\nMOPAR AS68RC<br \/>\nMAN 339 TYPE V-1\/ V-2<br \/>\nMAN 339 TYPE Z-1\/ Z-2\/ Z-3 (120.000 Km)<br \/>\nMB-236.6<br \/>\nVOITH H55.6335\/ H55.6336<br \/>\nVOLVO 97340\/ 97341<br \/>\nZF TE-ML 04D\/ 05L\/ 09\/ 11B\/ 14A\/ 14B\/ 14C\/ 16L\/ 16M\/ 20B\/ 20C (120.000 Km)<br \/>\nJASO1A<\/p>\n","protected":false},"featured_media":0,"comment_status":"open","ping_status":"closed","template":"","meta":[],"_links":{"self":[{"href":"https:\/\/winneroil.com\/pt-pt\/wp-json\/wp\/v2\/product\/5091"}],"collection":[{"href":"https:\/\/winneroil.com\/pt-pt\/wp-json\/wp\/v2\/product"}],"about":[{"href":"https:\/\/winneroil.com\/pt-pt\/wp-json\/wp\/v2\/types\/product"}],"replies":[{"embeddable":true,"href":"https:\/\/winneroil.com\/pt-pt\/wp-json\/wp\/v2\/comments?post=5091"}],"wp:attachment":[{"href":"https:\/\/winneroil.com\/pt-pt\/wp-json\/wp\/v2\/media?parent=5091"}],"curies":[{"name":"wp","href":"https:\/\/api.w.org\/{rel}","templated":true}]}}