{"id":5090,"date":"2011-08-18T17:12:00","date_gmt":"2011-08-18T15:12:00","guid":{"rendered":"http:\/\/winneroil.com\/producto\/transwin-atf-mercon-v-4\/"},"modified":"2017-06-08T13:15:35","modified_gmt":"2017-06-08T11:15:35","slug":"transwin-atf-mercon-v-4","status":"publish","type":"product","link":"https:\/\/winneroil.com\/pt-pt\/produto\/transwin-atf-mercon-v-4\/","title":{"rendered":"TRANSWIN ATF MERCON V (4+)"},"content":{"rendered":"<p class=\"p1\">Lubrificante de altas presta\u00e7\u00f5es, 100% sint\u00e9tico, especialmente desenvolvido para as caixas de velocidades autom\u00e1ticas modernas (modo manual, ou sequencial, controle electr\u00f3nico\u2026), equipados com um sistema de bloqueio do convertedor por acoplador viscoso (discos de fric\u00e7\u00e3o submergidos), que exijam um lubrificante de caixa autom\u00e1tica que responda \u00e0 norma DEXRON VI e\/ou MERCON V.<\/p>\n","protected":false},"excerpt":{"rendered":"<p>ALLISON C4<br \/>\nTES -295 FORD MERCON V<br \/>\n GM DEXRON VI (IIIH)<br \/>\nJASO 1A M315)<br \/>\nMAN 339 TYPE V-1\/ V-2 (60.000 \/ 120.000 Km)<br \/>\nMAN 339 TYPE Z-1\/ Z-2<br \/>\n(30.000 \/ 60.000 Km)<br \/>\nMB-236.6<br \/>\nVOITH H55.6335\/ H55.6336 (Buses 120.000 Km)<br \/>\nVOLVO 97340\/ 97341<br \/>\nZF TE-ML 04D\/ 05L\/ 09\/ 11B\/ 14A\/ 14B\/ 16L\/20B (60.000 Km)<br \/>\nGMN10060<br \/>\nBMW Pieza N\u00ba 83 22 0 397 114<br \/>\nFCA US LLC Pieza N\u00ba 68043742AA<\/p>\n","protected":false},"featured_media":0,"comment_status":"open","ping_status":"closed","template":"","meta":[],"_links":{"self":[{"href":"https:\/\/winneroil.com\/pt-pt\/wp-json\/wp\/v2\/product\/5090"}],"collection":[{"href":"https:\/\/winneroil.com\/pt-pt\/wp-json\/wp\/v2\/product"}],"about":[{"href":"https:\/\/winneroil.com\/pt-pt\/wp-json\/wp\/v2\/types\/product"}],"replies":[{"embeddable":true,"href":"https:\/\/winneroil.com\/pt-pt\/wp-json\/wp\/v2\/comments?post=5090"}],"wp:attachment":[{"href":"https:\/\/winneroil.com\/pt-pt\/wp-json\/wp\/v2\/media?parent=5090"}],"curies":[{"name":"wp","href":"https:\/\/api.w.org\/{rel}","templated":true}]}}