{"id":5089,"date":"2011-08-18T17:12:00","date_gmt":"2011-08-18T15:12:00","guid":{"rendered":"http:\/\/winneroil.com\/producto\/transwin-atf-mercon\/"},"modified":"2017-06-08T13:15:28","modified_gmt":"2017-06-08T11:15:28","slug":"transwin-atf-mercon","status":"publish","type":"product","link":"https:\/\/winneroil.com\/pt-pt\/produto\/transwin-atf-mercon\/","title":{"rendered":"TRANSWIN ATF MERCON"},"content":{"rendered":"<p class=\"p1\">Lubrificante de altas presta\u00e7\u00f5es 100 % Sint\u00e9tico de baixa viscosidade que supera amplamente as exig\u00eancias DEXRON III e MERCON convencionais.<\/p>\n<p class=\"p1\">Desenvolvido para caixas de velocidades autom\u00e1ticas modernas e equipadas com um sistema de bloqueio do convertidor por acoplador viscoso que exijam um \u00f3leo de CX autom\u00e1tica que cumpra a norma DEXRON VI.<\/p>\n","protected":false},"excerpt":{"rendered":"<p>FORD MERCON LV<br \/>\nALLISON C-4<br \/>\nZF M.1375<br \/>\nGM DEXRON VI,DEXRON III H, DEXRON 9986153,88861003<\/p>\n","protected":false},"featured_media":0,"comment_status":"open","ping_status":"closed","template":"","meta":[],"_links":{"self":[{"href":"https:\/\/winneroil.com\/pt-pt\/wp-json\/wp\/v2\/product\/5089"}],"collection":[{"href":"https:\/\/winneroil.com\/pt-pt\/wp-json\/wp\/v2\/product"}],"about":[{"href":"https:\/\/winneroil.com\/pt-pt\/wp-json\/wp\/v2\/types\/product"}],"replies":[{"embeddable":true,"href":"https:\/\/winneroil.com\/pt-pt\/wp-json\/wp\/v2\/comments?post=5089"}],"wp:attachment":[{"href":"https:\/\/winneroil.com\/pt-pt\/wp-json\/wp\/v2\/media?parent=5089"}],"curies":[{"name":"wp","href":"https:\/\/api.w.org\/{rel}","templated":true}]}}