{"id":5088,"date":"2011-08-18T17:12:00","date_gmt":"2011-08-18T15:12:00","guid":{"rendered":"http:\/\/winneroil.com\/producto\/transwin-lds\/"},"modified":"2017-06-08T13:15:16","modified_gmt":"2017-06-08T11:15:16","slug":"transwin-lds","status":"publish","type":"product","link":"https:\/\/winneroil.com\/pt-pt\/produto\/transwin-lds\/","title":{"rendered":"TRANSWIN Lds"},"content":{"rendered":"<p class=\"p1\">Fluido hidr\u00e1ulico 100% sint\u00e9tico, de cor laranja para sistemas hidr\u00e1ulicos de ve\u00edculos equipados com central hidr\u00e1ulica \u201cHidrative 3\u201d Direc\u00e7\u00e3o assistida electro-hidr\u00e1ulica, power assisted steering systems, suspens\u00f5es, \u2026) de ve\u00edculos do grupo PSA (Peugeot, Citro\u00ebn) assim como alguns Rolls Royce.<\/p>\n","protected":false},"excerpt":{"rendered":"<p>PSA S71 2710<br \/>\nDIN 51524\/3<\/p>\n","protected":false},"featured_media":0,"comment_status":"open","ping_status":"closed","template":"","meta":[],"_links":{"self":[{"href":"https:\/\/winneroil.com\/pt-pt\/wp-json\/wp\/v2\/product\/5088"}],"collection":[{"href":"https:\/\/winneroil.com\/pt-pt\/wp-json\/wp\/v2\/product"}],"about":[{"href":"https:\/\/winneroil.com\/pt-pt\/wp-json\/wp\/v2\/types\/product"}],"replies":[{"embeddable":true,"href":"https:\/\/winneroil.com\/pt-pt\/wp-json\/wp\/v2\/comments?post=5088"}],"wp:attachment":[{"href":"https:\/\/winneroil.com\/pt-pt\/wp-json\/wp\/v2\/media?parent=5088"}],"curies":[{"name":"wp","href":"https:\/\/api.w.org\/{rel}","templated":true}]}}