{"id":5087,"date":"2011-08-18T17:12:00","date_gmt":"2011-08-18T15:12:00","guid":{"rendered":"http:\/\/winneroil.com\/producto\/transwin-chf-psf\/"},"modified":"2017-06-08T13:15:07","modified_gmt":"2017-06-08T11:15:07","slug":"transwin-chf-psf","status":"publish","type":"product","link":"https:\/\/winneroil.com\/pt-pt\/produto\/transwin-chf-psf\/","title":{"rendered":"TRANSWIN CHF PSF"},"content":{"rendered":"<p class=\"p1\">Flu\u00eddo hidr\u00e1ulico PSF (Power Stearing Fluid) 100% sint\u00e9tico para sistemas hidr\u00e1ulicos centralizados e direc\u00e7\u00f5es assistidas de ve\u00edculos com os requisitos t\u00e9cnicos mais exigentes.<\/p>\n","protected":false},"excerpt":{"rendered":"<p>FORD WSS-M2C204-A<br \/>\nMAN M3289<br \/>\nMERCEDES BENZ 345.0<br \/>\nAUDI\/VW TL 52 146<br \/>\nGM<br \/>\nOPEL<br \/>\nBMW<br \/>\nVOLVO<br \/>\nSAAB<br \/>\nCHRYSLER<\/p>\n","protected":false},"featured_media":0,"comment_status":"open","ping_status":"closed","template":"","meta":[],"_links":{"self":[{"href":"https:\/\/winneroil.com\/pt-pt\/wp-json\/wp\/v2\/product\/5087"}],"collection":[{"href":"https:\/\/winneroil.com\/pt-pt\/wp-json\/wp\/v2\/product"}],"about":[{"href":"https:\/\/winneroil.com\/pt-pt\/wp-json\/wp\/v2\/types\/product"}],"replies":[{"embeddable":true,"href":"https:\/\/winneroil.com\/pt-pt\/wp-json\/wp\/v2\/comments?post=5087"}],"wp:attachment":[{"href":"https:\/\/winneroil.com\/pt-pt\/wp-json\/wp\/v2\/media?parent=5087"}],"curies":[{"name":"wp","href":"https:\/\/api.w.org\/{rel}","templated":true}]}}