{"id":5085,"date":"2011-08-18T17:12:00","date_gmt":"2011-08-18T15:12:00","guid":{"rendered":"http:\/\/winneroil.com\/producto\/traswin-cvt\/"},"modified":"2017-06-08T13:14:47","modified_gmt":"2017-06-08T11:14:47","slug":"traswin-cvt","status":"publish","type":"product","link":"https:\/\/winneroil.com\/pt-pt\/produto\/traswin-cvt\/","title":{"rendered":"TRASWIN CVT"},"content":{"rendered":"<p class=\"p1\">Lubrificante 100 % sint\u00e9tico de alto rendimento para caixas de velocidades CVT, tanto de corrente como de cinta.<\/p>\n<p class=\"p1\">Apto para transmiss\u00f5es de varia\u00e7\u00e3o cont\u00ednua (CVT) de \u00faltima gera\u00e7\u00e3o de corrente ou cinta.<\/p>\n","protected":false},"excerpt":{"rendered":"<p>FORD<br \/>\nHONDA<br \/>\nHYUNDAI<br \/>\nMERCEDES BENZ<br \/>\nMITSUBISHI<br \/>\nNISSAN<br \/>\nSUZUKI<br \/>\nTOYOTA<br \/>\nAUDI\/VW<br \/>\nSUBARU<\/p>\n","protected":false},"featured_media":0,"comment_status":"open","ping_status":"closed","template":"","meta":[],"_links":{"self":[{"href":"https:\/\/winneroil.com\/pt-pt\/wp-json\/wp\/v2\/product\/5085"}],"collection":[{"href":"https:\/\/winneroil.com\/pt-pt\/wp-json\/wp\/v2\/product"}],"about":[{"href":"https:\/\/winneroil.com\/pt-pt\/wp-json\/wp\/v2\/types\/product"}],"replies":[{"embeddable":true,"href":"https:\/\/winneroil.com\/pt-pt\/wp-json\/wp\/v2\/comments?post=5085"}],"wp:attachment":[{"href":"https:\/\/winneroil.com\/pt-pt\/wp-json\/wp\/v2\/media?parent=5085"}],"curies":[{"name":"wp","href":"https:\/\/api.w.org\/{rel}","templated":true}]}}