{"id":5084,"date":"2011-08-18T17:12:00","date_gmt":"2011-08-18T15:12:00","guid":{"rendered":"http:\/\/winneroil.com\/producto\/motowin-outboar-2t\/"},"modified":"2017-06-08T13:13:39","modified_gmt":"2017-06-08T11:13:39","slug":"motowin-outboar-2t","status":"publish","type":"product","link":"https:\/\/winneroil.com\/pt-pt\/produto\/motowin-outboar-2t\/","title":{"rendered":"MOTOWIN OUTBOAR 2T"},"content":{"rendered":"<p class=\"p1\">\u00d3leo lubrificante especialmente formulado para motores 2T na\u00faticos fora-de-borda, tanto com sistema de lubrifica\u00e7ao autom\u00e1tica como mistura manual: EVINRUDE, FORCE, JOHNSON, MARINER, MERCURY, SEAGULL, SELVA, SUZUKI, TOHASU, YAMAHA&#8230;<\/p>\n<p class=\"p1\">Assim como para todos os motores 2T com jet de motas aqu\u00e1ticas: KAWASAKI JET SKI, SEA DOO, POLARIS, YAMAHA.<\/p>\n<p class=\"p1\">Pode ser usado com todos os tipos de gasolinas comerciais (normal\/sem chumbo).<\/p>\n","protected":false},"excerpt":{"rendered":"<p>JASO FD<br \/>\nNMMA TC-W3<\/p>\n","protected":false},"featured_media":0,"comment_status":"open","ping_status":"closed","template":"","meta":[],"_links":{"self":[{"href":"https:\/\/winneroil.com\/pt-pt\/wp-json\/wp\/v2\/product\/5084"}],"collection":[{"href":"https:\/\/winneroil.com\/pt-pt\/wp-json\/wp\/v2\/product"}],"about":[{"href":"https:\/\/winneroil.com\/pt-pt\/wp-json\/wp\/v2\/types\/product"}],"replies":[{"embeddable":true,"href":"https:\/\/winneroil.com\/pt-pt\/wp-json\/wp\/v2\/comments?post=5084"}],"wp:attachment":[{"href":"https:\/\/winneroil.com\/pt-pt\/wp-json\/wp\/v2\/media?parent=5084"}],"curies":[{"name":"wp","href":"https:\/\/api.w.org\/{rel}","templated":true}]}}