{"id":5083,"date":"2011-08-18T17:12:00","date_gmt":"2011-08-18T15:12:00","guid":{"rendered":"http:\/\/winneroil.com\/producto\/motowin-2t-mineral\/"},"modified":"2017-06-08T13:13:20","modified_gmt":"2017-06-08T11:13:20","slug":"motowin-2t-mineral","status":"publish","type":"product","link":"https:\/\/winneroil.com\/pt-pt\/produto\/motowin-2t-mineral\/","title":{"rendered":"MOTOWIN 2T MINERAL"},"content":{"rendered":"<p class=\"p1\">Lubrificante mineral que devido \u00e0 sua qualidade pode utilizar-se em todo o tipo de motores de 2 tempos de lubrifica\u00e7\u00e3o por mistura em condi\u00e7\u00f5es normais de uso.<\/p>\n","protected":false},"excerpt":{"rendered":"<p>API TC<br \/>\nJASO FC<\/p>\n","protected":false},"featured_media":0,"comment_status":"open","ping_status":"closed","template":"","meta":[],"_links":{"self":[{"href":"https:\/\/winneroil.com\/pt-pt\/wp-json\/wp\/v2\/product\/5083"}],"collection":[{"href":"https:\/\/winneroil.com\/pt-pt\/wp-json\/wp\/v2\/product"}],"about":[{"href":"https:\/\/winneroil.com\/pt-pt\/wp-json\/wp\/v2\/types\/product"}],"replies":[{"embeddable":true,"href":"https:\/\/winneroil.com\/pt-pt\/wp-json\/wp\/v2\/comments?post=5083"}],"wp:attachment":[{"href":"https:\/\/winneroil.com\/pt-pt\/wp-json\/wp\/v2\/media?parent=5083"}],"curies":[{"name":"wp","href":"https:\/\/api.w.org\/{rel}","templated":true}]}}