{"id":5082,"date":"2011-08-18T17:12:00","date_gmt":"2011-08-18T15:12:00","guid":{"rendered":"http:\/\/winneroil.com\/producto\/motowin-2t-syntex\/"},"modified":"2017-06-08T13:13:00","modified_gmt":"2017-06-08T11:13:00","slug":"motowin-2t-syntex","status":"publish","type":"product","link":"https:\/\/winneroil.com\/pt-pt\/produto\/motowin-2t-syntex\/","title":{"rendered":"MOTOWIN 2T SYNTEX"},"content":{"rendered":"<p class=\"p1\">Lubrificante de tecnologia sint\u00e9tica que pela sua qualidade pode<span class=\"s1\"> utilizar-se em todo o tipo de motores de lubrifica\u00e7\u00e3o por mistura em condi\u00e7\u00f5es normais de uso. Obtem um maior rendimento e uma \u00f3ptima protec\u00e7\u00e3o em motores de 2 tempos (n\u00e3o apto para motosserras).<\/span><\/p>\n","protected":false},"excerpt":{"rendered":"<p>API TC<br \/>\nJASO FC<br \/>\nISO-L- EGD<\/p>\n","protected":false},"featured_media":0,"comment_status":"open","ping_status":"closed","template":"","meta":[],"_links":{"self":[{"href":"https:\/\/winneroil.com\/pt-pt\/wp-json\/wp\/v2\/product\/5082"}],"collection":[{"href":"https:\/\/winneroil.com\/pt-pt\/wp-json\/wp\/v2\/product"}],"about":[{"href":"https:\/\/winneroil.com\/pt-pt\/wp-json\/wp\/v2\/types\/product"}],"replies":[{"embeddable":true,"href":"https:\/\/winneroil.com\/pt-pt\/wp-json\/wp\/v2\/comments?post=5082"}],"wp:attachment":[{"href":"https:\/\/winneroil.com\/pt-pt\/wp-json\/wp\/v2\/media?parent=5082"}],"curies":[{"name":"wp","href":"https:\/\/api.w.org\/{rel}","templated":true}]}}