{"id":5081,"date":"2011-08-18T17:12:00","date_gmt":"2011-08-18T15:12:00","guid":{"rendered":"http:\/\/winneroil.com\/producto\/agroserra-2t-hqv\/"},"modified":"2017-06-08T13:08:46","modified_gmt":"2017-06-08T11:08:46","slug":"agroserra-2t-hqv","status":"publish","type":"product","link":"https:\/\/winneroil.com\/pt-pt\/produto\/agroserra-2t-hqv\/","title":{"rendered":"AGROSERRA 2T HQV"},"content":{"rendered":"<p class=\"p1\">Lubrificante de base sint\u00e9tica desenvolvido com aditivos de \u00faltima gera\u00e7\u00e3o permitindo funcionar em altos regimes de rota\u00e7\u00e3o, preservando as suas excelentes propriedades de lubrifica\u00e7\u00e3o e combust\u00e3o para os motores de 2 tempos de motoserras ro\u00e7adeiras e corta relvas\u2026<\/p>\n","protected":false},"excerpt":{"rendered":"<p>JASO FD \/ FC \/ FB<br \/>\nISO-L-EGD \/EGC<br \/>\nAPI TC<br \/>\nHUSQVARNA<\/p>\n","protected":false},"featured_media":0,"comment_status":"open","ping_status":"closed","template":"","meta":[],"_links":{"self":[{"href":"https:\/\/winneroil.com\/pt-pt\/wp-json\/wp\/v2\/product\/5081"}],"collection":[{"href":"https:\/\/winneroil.com\/pt-pt\/wp-json\/wp\/v2\/product"}],"about":[{"href":"https:\/\/winneroil.com\/pt-pt\/wp-json\/wp\/v2\/types\/product"}],"replies":[{"embeddable":true,"href":"https:\/\/winneroil.com\/pt-pt\/wp-json\/wp\/v2\/comments?post=5081"}],"wp:attachment":[{"href":"https:\/\/winneroil.com\/pt-pt\/wp-json\/wp\/v2\/media?parent=5081"}],"curies":[{"name":"wp","href":"https:\/\/api.w.org\/{rel}","templated":true}]}}