{"id":5080,"date":"2011-08-18T17:12:00","date_gmt":"2011-08-18T15:12:00","guid":{"rendered":"http:\/\/winneroil.com\/producto\/agrowin-20w30-utto\/"},"modified":"2017-06-08T13:08:35","modified_gmt":"2017-06-08T11:08:35","slug":"agrowin-20w30-utto","status":"publish","type":"product","link":"https:\/\/winneroil.com\/pt-pt\/produto\/agrowin-20w30-utto\/","title":{"rendered":"AGROWIN 20W30 UTTO"},"content":{"rendered":"<p class=\"p1\">Lubrificante gen\u00e9rico para transmiss\u00f5es de tractores. A sua acertada formula\u00e7\u00e3o permite ser utilizado em qualquer das seguintes aplica\u00e7\u00f5es: embraiagem, grupos deferenciais, caixas de velocidades, trav\u00f5es h\u00famidos e sistemas hidr\u00e1ulicos.<\/p>\n","protected":false},"excerpt":{"rendered":"<p>API GL-4<br \/>\nJOHN DEERE J-20-C\/D<br \/>\nFORD M2C 134D<br \/>\nALLISON C3 \/ C4<br \/>\nFNHA-2C-201.00<br \/>\nVOLVO CE WB-101<br \/>\nCNH MAT 3525\/3505  CATERPILLAR TO-2<br \/>\nCASE MS 1206\/1207<br \/>\nMF 1145-1143-1141-1135<\/p>\n","protected":false},"featured_media":0,"comment_status":"open","ping_status":"closed","template":"","meta":[],"_links":{"self":[{"href":"https:\/\/winneroil.com\/pt-pt\/wp-json\/wp\/v2\/product\/5080"}],"collection":[{"href":"https:\/\/winneroil.com\/pt-pt\/wp-json\/wp\/v2\/product"}],"about":[{"href":"https:\/\/winneroil.com\/pt-pt\/wp-json\/wp\/v2\/types\/product"}],"replies":[{"embeddable":true,"href":"https:\/\/winneroil.com\/pt-pt\/wp-json\/wp\/v2\/comments?post=5080"}],"wp:attachment":[{"href":"https:\/\/winneroil.com\/pt-pt\/wp-json\/wp\/v2\/media?parent=5080"}],"curies":[{"name":"wp","href":"https:\/\/api.w.org\/{rel}","templated":true}]}}