{"id":5079,"date":"2011-08-18T17:12:00","date_gmt":"2011-08-18T15:12:00","guid":{"rendered":"http:\/\/winneroil.com\/producto\/agrowin-10w30-esp\/"},"modified":"2017-08-29T12:36:47","modified_gmt":"2017-08-29T10:36:47","slug":"agrowin-10w30-esp","status":"publish","type":"product","link":"https:\/\/winneroil.com\/pt-pt\/produto\/agrowin-10w30-esp\/","title":{"rendered":"AGROWIN 10W30 UTTO ESP"},"content":{"rendered":"<p class=\"p1\">Lubrificante gen\u00e9rico para transmiss\u00f5es de tractores.<\/p>\n<p class=\"p1\">A sua formula\u00e7\u00e3o especial permite ser utilizado em qualquer das seguintes aplica\u00e7\u00f5es: embraiagens, grupos de diferenciais, caixas de velocidades, trav\u00f5es humedecidos e sistemas hidr\u00e1ulicos.<\/p>\n<p class=\"p1\">Em condi\u00e7\u00f5es extremas de trabalho possui uma boa protec\u00e7\u00e3o antidesgaste e extrema press\u00e3o.<\/p>\n","protected":false},"excerpt":{"rendered":"<p>API GL-4<br \/>\nJOHN DEERE J-20-C\/D<br \/>\nFORD M2C 134D<br \/>\nALLISON C3 \/ C4<br \/>\nRenault\/Claas<br \/>\nFNHA-2C-201.00<br \/>\nVOLVO CE WB101\/102<br \/>\nCNH MAT 3525\/3505<br \/>\nKUBOTA UDT FLUID<br \/>\nSame Deurtz Fahr<br \/>\nCATERPILLAR TO-2<br \/>\nMF 1145-1143-1141-1135<br \/>\nZF TE-ML03E-05F-06K-17E-21F-06E-06K<br \/>\nWHITE FARM (AGCO)Q-186<\/p>\n","protected":false},"featured_media":0,"comment_status":"open","ping_status":"closed","template":"","meta":[],"_links":{"self":[{"href":"https:\/\/winneroil.com\/pt-pt\/wp-json\/wp\/v2\/product\/5079"}],"collection":[{"href":"https:\/\/winneroil.com\/pt-pt\/wp-json\/wp\/v2\/product"}],"about":[{"href":"https:\/\/winneroil.com\/pt-pt\/wp-json\/wp\/v2\/types\/product"}],"replies":[{"embeddable":true,"href":"https:\/\/winneroil.com\/pt-pt\/wp-json\/wp\/v2\/comments?post=5079"}],"wp:attachment":[{"href":"https:\/\/winneroil.com\/pt-pt\/wp-json\/wp\/v2\/media?parent=5079"}],"curies":[{"name":"wp","href":"https:\/\/api.w.org\/{rel}","templated":true}]}}