{"id":5078,"date":"2011-08-18T17:12:00","date_gmt":"2011-08-18T15:12:00","guid":{"rendered":"http:\/\/winneroil.com\/producto\/sygnes-e4-5w30-fe\/"},"modified":"2017-06-08T13:03:59","modified_gmt":"2017-06-08T11:03:59","slug":"sygnes-e4-5w30-fe","status":"publish","type":"product","link":"https:\/\/winneroil.com\/pt-pt\/produto\/sygnes-e4-5w30-fe\/","title":{"rendered":"SYGNES E4 5W30 FE"},"content":{"rendered":"<p class=\"p1\">Lubrificante desenvolvido para cumprir os requisitos mais severos dos motores diesel pesados que cumpram as normas Europeias sobre emiss\u00f5es de gases, mas tamb\u00e9m para obter economia de consumo de combust\u00edvel (FE-FUEL ECONOMY).<\/p>\n<p class=\"p1\">Especialmente desenvolvido para proteger o meio ambiente.<\/p>\n","protected":false},"excerpt":{"rendered":"<p>API CF<br \/>\nACEA E4-E5-E7<br \/>\nMB-228.5<br \/>\nIVECO 18-1804 FE<br \/>\nVOLVO VDS-3<br \/>\nMAN M 3277<br \/>\nRENAULT RXD\/RLD-2<\/p>\n","protected":false},"featured_media":0,"comment_status":"open","ping_status":"closed","template":"","meta":[],"_links":{"self":[{"href":"https:\/\/winneroil.com\/pt-pt\/wp-json\/wp\/v2\/product\/5078"}],"collection":[{"href":"https:\/\/winneroil.com\/pt-pt\/wp-json\/wp\/v2\/product"}],"about":[{"href":"https:\/\/winneroil.com\/pt-pt\/wp-json\/wp\/v2\/types\/product"}],"replies":[{"embeddable":true,"href":"https:\/\/winneroil.com\/pt-pt\/wp-json\/wp\/v2\/comments?post=5078"}],"wp:attachment":[{"href":"https:\/\/winneroil.com\/pt-pt\/wp-json\/wp\/v2\/media?parent=5078"}],"curies":[{"name":"wp","href":"https:\/\/api.w.org\/{rel}","templated":true}]}}