{"id":5076,"date":"2011-08-18T17:12:00","date_gmt":"2011-08-18T15:12:00","guid":{"rendered":"http:\/\/winneroil.com\/producto\/symbol-4000-10w40\/"},"modified":"2017-06-08T12:48:58","modified_gmt":"2017-06-08T10:48:58","slug":"symbol-4000-10w40","status":"publish","type":"product","link":"https:\/\/winneroil.com\/pt-pt\/produto\/symbol-4000-10w40\/","title":{"rendered":"SYMBOL 4000 10W40"},"content":{"rendered":"<p class=\"p1\">Lubrificante de bases sint\u00e9ticas, desenvolvido para satisfazer as exig\u00eancias dos modernos motores de altas presta\u00e7\u00f5es para ve\u00edculos ligeiros a gasolina e diesel, permitindo prolongar os intervalos de mudan\u00e7as.<\/p>\n","protected":false},"excerpt":{"rendered":"<p>\tAPI SL\/CF<br \/>\nACEA A3\/B4<br \/>\nFORD M2C \u2013 153E<br \/>\nRN 0700\/ RN 0710VW 501.01\/505.00<br \/>\nMB 229.1<\/p>\n","protected":false},"featured_media":5286,"comment_status":"open","ping_status":"closed","template":"","meta":[],"_links":{"self":[{"href":"https:\/\/winneroil.com\/pt-pt\/wp-json\/wp\/v2\/product\/5076"}],"collection":[{"href":"https:\/\/winneroil.com\/pt-pt\/wp-json\/wp\/v2\/product"}],"about":[{"href":"https:\/\/winneroil.com\/pt-pt\/wp-json\/wp\/v2\/types\/product"}],"replies":[{"embeddable":true,"href":"https:\/\/winneroil.com\/pt-pt\/wp-json\/wp\/v2\/comments?post=5076"}],"wp:featuredmedia":[{"embeddable":true,"href":"https:\/\/winneroil.com\/pt-pt\/wp-json\/wp\/v2\/media\/5286"}],"wp:attachment":[{"href":"https:\/\/winneroil.com\/pt-pt\/wp-json\/wp\/v2\/media?parent=5076"}],"curies":[{"name":"wp","href":"https:\/\/api.w.org\/{rel}","templated":true}]}}