{"id":5075,"date":"2011-08-18T17:12:00","date_gmt":"2011-08-18T15:12:00","guid":{"rendered":"http:\/\/winneroil.com\/producto\/symbol-5000-5w40\/"},"modified":"2017-06-08T12:48:44","modified_gmt":"2017-06-08T10:48:44","slug":"symbol-5000-5w40","status":"publish","type":"product","link":"https:\/\/winneroil.com\/pt-pt\/produto\/symbol-5000-5w40\/","title":{"rendered":"SYMBOL 5000 5W40"},"content":{"rendered":"<p class=\"p1\">Lubrificante formulado com bases sint\u00e9ticas, satisfazendo as necessidades das viaturas ligeiras de passageiros mais exigentes e avan\u00e7adas do mercado, melhorando assim o consumo de combust\u00edvel, reduzindo as fric\u00e7\u00f5es e salvaguardando o motor de uma maneira excepcional.<\/p>\n","protected":false},"excerpt":{"rendered":"<p>\tAPI SN\/CF<br \/>\nACEA A3\/B4<br \/>\nMB-229.3<br \/>\nVW 502.00\/505.00<br \/>\nRN0700\/0710<\/p>\n","protected":false},"featured_media":5284,"comment_status":"open","ping_status":"closed","template":"","meta":[],"_links":{"self":[{"href":"https:\/\/winneroil.com\/pt-pt\/wp-json\/wp\/v2\/product\/5075"}],"collection":[{"href":"https:\/\/winneroil.com\/pt-pt\/wp-json\/wp\/v2\/product"}],"about":[{"href":"https:\/\/winneroil.com\/pt-pt\/wp-json\/wp\/v2\/types\/product"}],"replies":[{"embeddable":true,"href":"https:\/\/winneroil.com\/pt-pt\/wp-json\/wp\/v2\/comments?post=5075"}],"wp:featuredmedia":[{"embeddable":true,"href":"https:\/\/winneroil.com\/pt-pt\/wp-json\/wp\/v2\/media\/5284"}],"wp:attachment":[{"href":"https:\/\/winneroil.com\/pt-pt\/wp-json\/wp\/v2\/media?parent=5075"}],"curies":[{"name":"wp","href":"https:\/\/api.w.org\/{rel}","templated":true}]}}