{"id":5074,"date":"2011-08-18T17:12:00","date_gmt":"2011-08-18T15:12:00","guid":{"rendered":"http:\/\/winneroil.com\/producto\/symbol-5000-5w30\/"},"modified":"2017-06-08T12:48:33","modified_gmt":"2017-06-08T10:48:33","slug":"symbol-5000-5w30","status":"publish","type":"product","link":"https:\/\/winneroil.com\/pt-pt\/produto\/symbol-5000-5w30\/","title":{"rendered":"SYMBOL 5000 5W30"},"content":{"rendered":"<p class=\"p1\">Lubrificante 100% Sint\u00e9tico, desenvolvido para cumprir as exig\u00eancias de larga dura\u00e7\u00e3o dos fabricantes Europeus (BMW, Mercedes, VAG, Opel). V\u00e1lido para ve\u00edculos equipados com turbos, sistemas de admiss\u00e3o vari\u00e1vel e common rail.<\/p>\n","protected":false},"excerpt":{"rendered":"<p>\tACEA A5\/B5, A1\/B1<br \/>\nAPI SL\/ CF<br \/>\nILSAC GF-2<br \/>\nFORD WSS-M2C913A\/ 913B<br \/>\nRN 0700<\/p>\n","protected":false},"featured_media":5282,"comment_status":"open","ping_status":"closed","template":"","meta":[],"_links":{"self":[{"href":"https:\/\/winneroil.com\/pt-pt\/wp-json\/wp\/v2\/product\/5074"}],"collection":[{"href":"https:\/\/winneroil.com\/pt-pt\/wp-json\/wp\/v2\/product"}],"about":[{"href":"https:\/\/winneroil.com\/pt-pt\/wp-json\/wp\/v2\/types\/product"}],"replies":[{"embeddable":true,"href":"https:\/\/winneroil.com\/pt-pt\/wp-json\/wp\/v2\/comments?post=5074"}],"wp:featuredmedia":[{"embeddable":true,"href":"https:\/\/winneroil.com\/pt-pt\/wp-json\/wp\/v2\/media\/5282"}],"wp:attachment":[{"href":"https:\/\/winneroil.com\/pt-pt\/wp-json\/wp\/v2\/media?parent=5074"}],"curies":[{"name":"wp","href":"https:\/\/api.w.org\/{rel}","templated":true}]}}