{"id":5073,"date":"2011-08-18T17:12:00","date_gmt":"2011-08-18T15:12:00","guid":{"rendered":"http:\/\/winneroil.com\/producto\/hybrid-5w30-api-snsm\/"},"modified":"2017-06-08T12:48:16","modified_gmt":"2017-06-08T10:48:16","slug":"hybrid-5w30-api-snsm","status":"publish","type":"product","link":"https:\/\/winneroil.com\/pt-pt\/produto\/hybrid-5w30-api-snsm\/","title":{"rendered":"HYBRID 5W30-API SN\/SM"},"content":{"rendered":"<p class=\"p1\">Gradua\u00e7\u00e3o e qualidade recomendados pela TOYOTA e MAZDA pela sua excelente rela\u00e7\u00e3o rendimento\/pre\u00e7o. Devido aos seus excepcionais resultados em motores de maior idade e quilometragem (tanto diesel como gasolina), e como reduz drasticamente os problemas por acumula\u00e7\u00e3o de carv\u00e3o e cinzas a TOYOTA decidiu recomend\u00e1-lo para todos os seus modelos excepto aqueles em que os intervalos de manuten\u00e7\u00e3o sejam de 10.000 km. Especialmente adequado para os motores WT-i da TOYOTA.<\/p>\n","protected":false},"excerpt":{"rendered":"<p>API SN<br \/>\nSM<br \/>\nACEA C2<br \/>\nILSAC GF-5<br \/>\nFORD WSS-M2C945-A<\/p>\n","protected":false},"featured_media":0,"comment_status":"open","ping_status":"closed","template":"","meta":[],"_links":{"self":[{"href":"https:\/\/winneroil.com\/pt-pt\/wp-json\/wp\/v2\/product\/5073"}],"collection":[{"href":"https:\/\/winneroil.com\/pt-pt\/wp-json\/wp\/v2\/product"}],"about":[{"href":"https:\/\/winneroil.com\/pt-pt\/wp-json\/wp\/v2\/types\/product"}],"replies":[{"embeddable":true,"href":"https:\/\/winneroil.com\/pt-pt\/wp-json\/wp\/v2\/comments?post=5073"}],"wp:attachment":[{"href":"https:\/\/winneroil.com\/pt-pt\/wp-json\/wp\/v2\/media?parent=5073"}],"curies":[{"name":"wp","href":"https:\/\/api.w.org\/{rel}","templated":true}]}}