{"id":5072,"date":"2011-08-18T17:12:00","date_gmt":"2011-08-18T15:12:00","guid":{"rendered":"http:\/\/winneroil.com\/producto\/symbol-9000-5w20-h\/"},"modified":"2017-06-08T12:48:01","modified_gmt":"2017-06-08T10:48:01","slug":"symbol-9000-5w20-h","status":"publish","type":"product","link":"https:\/\/winneroil.com\/pt-pt\/produto\/symbol-9000-5w20-h\/","title":{"rendered":"SYMBOL 9000 5W20 H"},"content":{"rendered":"<p class=\"p1\">Especialmente recomendado para ve\u00edculos h\u00edbridos e equipados com o sistema START\/STOP, como o TOYOTA Prius. \u00c9 um lubrificante 100% sint\u00e9tico de \u00faltima tecnologia especialmente desenvolvido para maximizar a economia de combust\u00edvel em todo o tipo de ve\u00edculos h\u00edbridos a gasolina e diesel, proporcionando uma extraordin\u00e1ria protec\u00e7\u00e3o e limpeza do motor. A gradua\u00e7\u00e3o 5W20 \u00e9 a que utiliza a marca TOYOTA no primeiro enchimento de f\u00e1brica no motor do modelo PRIUS 1.8 16v VVTi<span class=\"Apple-converted-space\">\u00a0 <\/span>ZVW30, motor 2ZR-FXE. Tamb\u00e9m \u00e9 recomendado para o PRIUS 1.5 16v NHW20, motor 1NZ-FXE, ainda que com este \u00faltimo se possa utilizar a gradua\u00e7\u00e3o 5W30.<\/p>\n","protected":false},"excerpt":{"rendered":"<p>\tAPI SN<br \/>\nSM<br \/>\nACEA A1\/B1<br \/>\nILSAC GF-5<br \/>\nFORD WSS-M2C945-A<\/p>\n","protected":false},"featured_media":0,"comment_status":"open","ping_status":"closed","template":"","meta":[],"_links":{"self":[{"href":"https:\/\/winneroil.com\/pt-pt\/wp-json\/wp\/v2\/product\/5072"}],"collection":[{"href":"https:\/\/winneroil.com\/pt-pt\/wp-json\/wp\/v2\/product"}],"about":[{"href":"https:\/\/winneroil.com\/pt-pt\/wp-json\/wp\/v2\/types\/product"}],"replies":[{"embeddable":true,"href":"https:\/\/winneroil.com\/pt-pt\/wp-json\/wp\/v2\/comments?post=5072"}],"wp:attachment":[{"href":"https:\/\/winneroil.com\/pt-pt\/wp-json\/wp\/v2\/media?parent=5072"}],"curies":[{"name":"wp","href":"https:\/\/api.w.org\/{rel}","templated":true}]}}