{"id":5071,"date":"2011-08-18T17:12:00","date_gmt":"2011-08-18T15:12:00","guid":{"rendered":"http:\/\/winneroil.com\/producto\/symbol-9000-0w20-h\/"},"modified":"2017-06-08T12:47:46","modified_gmt":"2017-06-08T10:47:46","slug":"symbol-9000-0w20-h","status":"publish","type":"product","link":"https:\/\/winneroil.com\/pt-pt\/produto\/symbol-9000-0w20-h\/","title":{"rendered":"SYMBOL 9000 0W20 H"},"content":{"rendered":"<p class=\"p1\">Lubrificante 100 % Sint\u00e9tico de \u00faltima tecnologia especialmente desenvolvido para maximizar a economia de combust\u00edvel em todo o tipo de ve\u00edculos h\u00edbridos a gasolina ou a diesel, proporcionando uma extraordin\u00e1ria protec\u00e7\u00e3o e limpeza do motor. Est\u00e1 especialmente indicado para motores h\u00edbridos com o sistema de START\/STOP que requeiram \u00f3leos de baixa resist\u00eancia \u00e1 fric\u00e7\u00e3o e com um alto grau de fluidez. Gradua\u00e7\u00e3o SAE e qualidade recomendada pela TOYOTA e MAZDA para a gama HIBRIDA.<\/p>\n","protected":false},"excerpt":{"rendered":"<p>\tAPI SN<br \/>\nSM<br \/>\nACEA A1\/B1<br \/>\nILSAC GF-5<br \/>\nFORD WSS-M2C945-A<\/p>\n","protected":false},"featured_media":0,"comment_status":"open","ping_status":"closed","template":"","meta":[],"_links":{"self":[{"href":"https:\/\/winneroil.com\/pt-pt\/wp-json\/wp\/v2\/product\/5071"}],"collection":[{"href":"https:\/\/winneroil.com\/pt-pt\/wp-json\/wp\/v2\/product"}],"about":[{"href":"https:\/\/winneroil.com\/pt-pt\/wp-json\/wp\/v2\/types\/product"}],"replies":[{"embeddable":true,"href":"https:\/\/winneroil.com\/pt-pt\/wp-json\/wp\/v2\/comments?post=5071"}],"wp:attachment":[{"href":"https:\/\/winneroil.com\/pt-pt\/wp-json\/wp\/v2\/media?parent=5071"}],"curies":[{"name":"wp","href":"https:\/\/api.w.org\/{rel}","templated":true}]}}