{"id":5069,"date":"2011-08-18T17:12:00","date_gmt":"2011-08-18T15:12:00","guid":{"rendered":"http:\/\/winneroil.com\/producto\/symbol-8000-5w30-c4\/"},"modified":"2017-06-08T12:46:59","modified_gmt":"2017-06-08T10:46:59","slug":"symbol-8000-5w30-c4","status":"publish","type":"product","link":"https:\/\/winneroil.com\/pt-pt\/produto\/symbol-8000-5w30-c4\/","title":{"rendered":"SYMBOL 8000 5W30 C4"},"content":{"rendered":"<p class=\"p1\">Lubrificante 100% Sint\u00e9tico desenvolvido para motores a gasolina e diesel de viaturas equipadas com as modernas motoriza\u00e7\u00f5es que requeiram as normas de emiss\u00f5es de gases EURO IV e V e que exijam lubrificantes de baixo teor de cinzas sulfatadas, f\u00f3sforo e enx ofre.<\/p>\n<p class=\"p1\">Imprescind\u00edvel para ve\u00edculos que equipem filtro de part\u00edculas diesel (FAP\/DPF), cumprindo a norma ACEA C4.<\/p>\n","protected":false},"excerpt":{"rendered":"<p>ACEA C4<br \/>\nRENAULT RN0720<\/p>\n","protected":false},"featured_media":5280,"comment_status":"open","ping_status":"closed","template":"","meta":[],"_links":{"self":[{"href":"https:\/\/winneroil.com\/pt-pt\/wp-json\/wp\/v2\/product\/5069"}],"collection":[{"href":"https:\/\/winneroil.com\/pt-pt\/wp-json\/wp\/v2\/product"}],"about":[{"href":"https:\/\/winneroil.com\/pt-pt\/wp-json\/wp\/v2\/types\/product"}],"replies":[{"embeddable":true,"href":"https:\/\/winneroil.com\/pt-pt\/wp-json\/wp\/v2\/comments?post=5069"}],"wp:featuredmedia":[{"embeddable":true,"href":"https:\/\/winneroil.com\/pt-pt\/wp-json\/wp\/v2\/media\/5280"}],"wp:attachment":[{"href":"https:\/\/winneroil.com\/pt-pt\/wp-json\/wp\/v2\/media?parent=5069"}],"curies":[{"name":"wp","href":"https:\/\/api.w.org\/{rel}","templated":true}]}}