{"id":5068,"date":"2011-08-18T17:12:00","date_gmt":"2011-08-18T15:12:00","guid":{"rendered":"http:\/\/winneroil.com\/producto\/symbol-8000-5w30-c3\/"},"modified":"2018-07-04T16:31:15","modified_gmt":"2018-07-04T14:31:15","slug":"symbol-8000-5w30-c3","status":"publish","type":"product","link":"https:\/\/winneroil.com\/pt-pt\/produto\/symbol-8000-5w30-c3\/","title":{"rendered":"ECO 5W30 C3"},"content":{"rendered":"<p class=\"p1\">Lubrificante 100% Sint\u00e9tico desenvolvido para motores a gasolina e diesel de viaturas equipadas com as modernas motoriza\u00e7\u00f5es que requeiram as normas de emiss\u00f5es de gases EURO IV e V e que exijam lubrificantes de baixo teor de cinzas sulfatadas, f\u00f3sforo e enxofre.<\/p>\n<p class=\"p1\">Imprescind\u00edvel para ve\u00edculos que equipem filtro de part\u00edculas diesel (FAP\/DPF), cumprindo a norma ACEA C3.<\/p>\n","protected":false},"excerpt":{"rendered":"<p>\tACEA C3<br \/>\nMB 229.51<br \/>\nVW 502.00\/505.00-01<br \/>\nVW 507.00\/504.00<br \/>\nBMW LONG LIFE-4<br \/>\nPORCHE C 30<br \/>\nAPI SN\/CF<\/p>\n","protected":false},"featured_media":5329,"comment_status":"open","ping_status":"closed","template":"","meta":[],"_links":{"self":[{"href":"https:\/\/winneroil.com\/pt-pt\/wp-json\/wp\/v2\/product\/5068"}],"collection":[{"href":"https:\/\/winneroil.com\/pt-pt\/wp-json\/wp\/v2\/product"}],"about":[{"href":"https:\/\/winneroil.com\/pt-pt\/wp-json\/wp\/v2\/types\/product"}],"replies":[{"embeddable":true,"href":"https:\/\/winneroil.com\/pt-pt\/wp-json\/wp\/v2\/comments?post=5068"}],"wp:featuredmedia":[{"embeddable":true,"href":"https:\/\/winneroil.com\/pt-pt\/wp-json\/wp\/v2\/media\/5329"}],"wp:attachment":[{"href":"https:\/\/winneroil.com\/pt-pt\/wp-json\/wp\/v2\/media?parent=5068"}],"curies":[{"name":"wp","href":"https:\/\/api.w.org\/{rel}","templated":true}]}}