{"id":5066,"date":"2011-08-18T17:12:00","date_gmt":"2011-08-18T15:12:00","guid":{"rendered":"http:\/\/winneroil.com\/producto\/sygnes-e6-5w30-fe\/"},"modified":"2017-06-08T13:04:21","modified_gmt":"2017-06-08T11:04:21","slug":"sygnes-e6-5w30-fe","status":"publish","type":"product","link":"https:\/\/winneroil.com\/pt-pt\/produto\/sygnes-e6-5w30-fe\/","title":{"rendered":"SYGNES E6 5W30 FE"},"content":{"rendered":"<p class=\"p1\">\u00d3leo de motor totalmente Sint\u00e9tico Low SAPS de caracter\u00edsticas FE-FUEL ECONOMY para motores de servi\u00e7o pesado Euro IV,<span class=\"Apple-converted-space\">\u00a0 <\/span>V e VI equipados, tanto com sistemas \u201cdeNOX\u201d, SCR (Catalizador de Redu\u00e7\u00e3o Selectiva), EGR (Redu\u00e7\u00e3o de Gases de Escape), e com o sistema FAP (Filtro Activo de Part\u00edculas).<\/p>\n<p class=\"p1\">Especialmente adequado para ve\u00edculos com exig\u00eancia de n\u00edvel de servi\u00e7o ACEA E6 LOW SAPS Euro IV e V.<\/p>\n","protected":false},"excerpt":{"rendered":"<p>API CJ-4\/CH-4<br \/>\nACEA E6-E9<br \/>\nMB 228.51<br \/>\nVOLVO VDS-4<br \/>\nMAN M3477\/M 3677<br \/>\nRENAULT RLD-3<br \/>\nCUMMINS CES 20081<br \/>\nMACK EO-O PREMIUM PLUS<\/p>\n","protected":false},"featured_media":0,"comment_status":"open","ping_status":"closed","template":"","meta":[],"_links":{"self":[{"href":"https:\/\/winneroil.com\/pt-pt\/wp-json\/wp\/v2\/product\/5066"}],"collection":[{"href":"https:\/\/winneroil.com\/pt-pt\/wp-json\/wp\/v2\/product"}],"about":[{"href":"https:\/\/winneroil.com\/pt-pt\/wp-json\/wp\/v2\/types\/product"}],"replies":[{"embeddable":true,"href":"https:\/\/winneroil.com\/pt-pt\/wp-json\/wp\/v2\/comments?post=5066"}],"wp:attachment":[{"href":"https:\/\/winneroil.com\/pt-pt\/wp-json\/wp\/v2\/media?parent=5066"}],"curies":[{"name":"wp","href":"https:\/\/api.w.org\/{rel}","templated":true}]}}