{"id":5065,"date":"2011-08-18T17:12:00","date_gmt":"2011-08-18T15:12:00","guid":{"rendered":"http:\/\/winneroil.com\/producto\/sygnes-e7-5w30-fe\/"},"modified":"2017-06-08T13:04:43","modified_gmt":"2017-06-08T11:04:43","slug":"sygnes-e7-5w30-fe","status":"publish","type":"product","link":"https:\/\/winneroil.com\/pt-pt\/produto\/sygnes-e7-5w30-fe\/","title":{"rendered":"SYGNES E7 5W30 FE"},"content":{"rendered":"<p class=\"p1\">\u00d3leo 5W30 multigraduado 100% sint\u00e9tico para ve\u00edculos pesados e comerciais. Recomendado para motores com tecnologia FE-FUEL ECONOMY.<\/p>\n<p class=\"p1\">A sua elevada tecnologia cumpre e supera as especifica\u00e7\u00f5es internacionais e as dos maiores construtores, proporcionando elevada protec\u00e7\u00e3o ao motor contra o desgaste e excepcionais beneficios em economia de combust\u00edvel.<\/p>\n","protected":false},"excerpt":{"rendered":"<p>API CF<br \/>\nACEA E5\/ E7<br \/>\nMB Ap 228.5<br \/>\nDAF HP1\/HP2<br \/>\nVOLVO VDS-3<br \/>\nMAN M 3277<br \/>\nRENAULT VI RLD-2<\/p>\n","protected":false},"featured_media":0,"comment_status":"open","ping_status":"closed","template":"","meta":[],"_links":{"self":[{"href":"https:\/\/winneroil.com\/pt-pt\/wp-json\/wp\/v2\/product\/5065"}],"collection":[{"href":"https:\/\/winneroil.com\/pt-pt\/wp-json\/wp\/v2\/product"}],"about":[{"href":"https:\/\/winneroil.com\/pt-pt\/wp-json\/wp\/v2\/types\/product"}],"replies":[{"embeddable":true,"href":"https:\/\/winneroil.com\/pt-pt\/wp-json\/wp\/v2\/comments?post=5065"}],"wp:attachment":[{"href":"https:\/\/winneroil.com\/pt-pt\/wp-json\/wp\/v2\/media?parent=5065"}],"curies":[{"name":"wp","href":"https:\/\/api.w.org\/{rel}","templated":true}]}}