{"id":5063,"date":"2011-08-18T17:12:00","date_gmt":"2011-08-18T15:12:00","guid":{"rendered":"http:\/\/winneroil.com\/producto\/agrowin-10w30-utto\/"},"modified":"2017-06-08T13:08:13","modified_gmt":"2017-06-08T11:08:13","slug":"agrowin-10w30-utto","status":"publish","type":"product","link":"https:\/\/winneroil.com\/pt-pt\/produto\/agrowin-10w30-utto\/","title":{"rendered":"AGROWIN  10W30 UTTO"},"content":{"rendered":"<p class=\"p1\">Lubrificante gen\u00e9rico para transmiss\u00f5es de tractores.<\/p>\n<p class=\"p1\">A sua formula\u00e7\u00e3o especial permite ser utilizado em qualquer das seguintes aplica\u00e7\u00f5es: embraiagens, grupos de diferenciais, caixas de velocidades, trav\u00f5es humedecidos e sistemas hidr\u00e1ulicos.<\/p>\n","protected":false},"excerpt":{"rendered":"<p>API GL-4, JHON DEERE J.20-C, FORD M2C 134-D<br \/>\nALLISON C-4<br \/>\nCATERPILLAR TO-2<br \/>\nCASE MS 1206\/1207<br \/>\nMF 1135-1143-1141<\/p>\n","protected":false},"featured_media":5300,"comment_status":"open","ping_status":"closed","template":"","meta":[],"_links":{"self":[{"href":"https:\/\/winneroil.com\/pt-pt\/wp-json\/wp\/v2\/product\/5063"}],"collection":[{"href":"https:\/\/winneroil.com\/pt-pt\/wp-json\/wp\/v2\/product"}],"about":[{"href":"https:\/\/winneroil.com\/pt-pt\/wp-json\/wp\/v2\/types\/product"}],"replies":[{"embeddable":true,"href":"https:\/\/winneroil.com\/pt-pt\/wp-json\/wp\/v2\/comments?post=5063"}],"wp:featuredmedia":[{"embeddable":true,"href":"https:\/\/winneroil.com\/pt-pt\/wp-json\/wp\/v2\/media\/5300"}],"wp:attachment":[{"href":"https:\/\/winneroil.com\/pt-pt\/wp-json\/wp\/v2\/media?parent=5063"}],"curies":[{"name":"wp","href":"https:\/\/api.w.org\/{rel}","templated":true}]}}