{"id":5062,"date":"2011-08-18T17:12:00","date_gmt":"2011-08-18T15:12:00","guid":{"rendered":"http:\/\/winneroil.com\/producto\/agrowin-15w40-stou\/"},"modified":"2017-06-08T13:08:04","modified_gmt":"2017-06-08T11:08:04","slug":"agrowin-15w40-stou","status":"publish","type":"product","link":"https:\/\/winneroil.com\/pt-pt\/produto\/agrowin-15w40-stou\/","title":{"rendered":"AGROWIN 15W40 STOU"},"content":{"rendered":"<p class=\"p1\">Lubricante STOU (Super Tractor Oil Universal) que contem um pacote de aditivos de \u00faltima gera\u00e7\u00e3o que conjuntamente com umas bases de muito alto \u00edndice de viscosidade, oferecem um amplo leque de fun\u00e7\u00f5es para a maquinaria agr\u00edcola.<\/p>\n","protected":false},"excerpt":{"rendered":"<p>API GL-4<br \/>\nJOHN DEERE JDM J27<br \/>\nFORD M2C-159B\/C<br \/>\nALLISON C-4<br \/>\nMAN 271<br \/>\nMIL-L-2104D<br \/>\nCAT TO2<br \/>\nMF M1139\/M1144\/M1145<br \/>\nMB 227.1\/228.1\/228.3<br \/>\nZF TE-ML 06B\/C\/D<br \/>\nZF TE-ML 07B<\/p>\n","protected":false},"featured_media":5292,"comment_status":"open","ping_status":"closed","template":"","meta":[],"_links":{"self":[{"href":"https:\/\/winneroil.com\/pt-pt\/wp-json\/wp\/v2\/product\/5062"}],"collection":[{"href":"https:\/\/winneroil.com\/pt-pt\/wp-json\/wp\/v2\/product"}],"about":[{"href":"https:\/\/winneroil.com\/pt-pt\/wp-json\/wp\/v2\/types\/product"}],"replies":[{"embeddable":true,"href":"https:\/\/winneroil.com\/pt-pt\/wp-json\/wp\/v2\/comments?post=5062"}],"wp:featuredmedia":[{"embeddable":true,"href":"https:\/\/winneroil.com\/pt-pt\/wp-json\/wp\/v2\/media\/5292"}],"wp:attachment":[{"href":"https:\/\/winneroil.com\/pt-pt\/wp-json\/wp\/v2\/media?parent=5062"}],"curies":[{"name":"wp","href":"https:\/\/api.w.org\/{rel}","templated":true}]}}