{"id":5061,"date":"2011-08-18T17:12:00","date_gmt":"2011-08-18T15:12:00","guid":{"rendered":"http:\/\/winneroil.com\/producto\/sygnes-s-serie-iii\/"},"modified":"2017-06-08T13:07:52","modified_gmt":"2017-06-08T11:07:52","slug":"sygnes-s-serie-iii","status":"publish","type":"product","link":"https:\/\/winneroil.com\/pt-pt\/produto\/sygnes-s-serie-iii\/","title":{"rendered":"SYGNES S SERIE III"},"content":{"rendered":"<p class=\"p1\">Lubrificante mineral monograduado com alto poder detergente.Utilizado normalmente para motores estacion\u00e1rios e para maquinaria de obras p\u00fablicas.<\/p>\n<p class=\"p1\">Apto para utiliza\u00e7\u00e3o em motores aspirados e sobre alimentados em que o intervalo de mudan\u00e7a seja curto, indiferentemente de que as condi\u00e7\u00f5es de trabalho sejam moderadas ou severas.<\/p>\n","protected":false},"excerpt":{"rendered":"<p>API SF\/CF<br \/>\nCCMC D2<br \/>\nALLISON C3<br \/>\nCAT TO-2<\/p>\n","protected":false},"featured_media":5313,"comment_status":"open","ping_status":"closed","template":"","meta":[],"_links":{"self":[{"href":"https:\/\/winneroil.com\/pt-pt\/wp-json\/wp\/v2\/product\/5061"}],"collection":[{"href":"https:\/\/winneroil.com\/pt-pt\/wp-json\/wp\/v2\/product"}],"about":[{"href":"https:\/\/winneroil.com\/pt-pt\/wp-json\/wp\/v2\/types\/product"}],"replies":[{"embeddable":true,"href":"https:\/\/winneroil.com\/pt-pt\/wp-json\/wp\/v2\/comments?post=5061"}],"wp:featuredmedia":[{"embeddable":true,"href":"https:\/\/winneroil.com\/pt-pt\/wp-json\/wp\/v2\/media\/5313"}],"wp:attachment":[{"href":"https:\/\/winneroil.com\/pt-pt\/wp-json\/wp\/v2\/media?parent=5061"}],"curies":[{"name":"wp","href":"https:\/\/api.w.org\/{rel}","templated":true}]}}