{"id":5059,"date":"2011-08-18T17:12:00","date_gmt":"2011-08-18T15:12:00","guid":{"rendered":"http:\/\/winneroil.com\/producto\/agrowin-80w-utto\/"},"modified":"2017-06-08T13:07:27","modified_gmt":"2017-06-08T11:07:27","slug":"agrowin-80w-utto","status":"publish","type":"product","link":"https:\/\/winneroil.com\/pt-pt\/produto\/agrowin-80w-utto\/","title":{"rendered":"AGROWIN  80W UTTO"},"content":{"rendered":"<p class=\"p1\">\u00d3leo multifuncional espec\u00edfico para transmiss\u00e3o, sistema hidr\u00e1ulico, comandos finais e trav\u00f5es submergidos em \u00f3leo. Satisfaz as especifica\u00e7\u00f5es MS1209 (CASE\/CASEIH) e MAT 3505 (NEW HOLAND)<\/p>\n","protected":false},"excerpt":{"rendered":"<p>CASE MS 1209, MS1210<br \/>\nCNH MAT 3505, MAT 3509<br \/>\nAGCO POWERFLUID 821XL<br \/>\nFNHA-2-C-201.00\/ 200.00<br \/>\nFORD ESN-M2C134-D, ESN-M2C86-C, ESN-M2C86-B<br \/>\nKUBOTA UDT Fluid<br \/>\nMassey Ferguson CMS M1141<br \/>\nJohn Deere JDM J20D<br \/>\nMassey Ferguson CMS M1145, M1143, CMS M1135<br \/>\nZF TE-ML 21F\/ 06K\/ 05F\/ 03E\/ 17E<br \/>\nCaterpillar TO-2<br \/>\nVCE WB 101<br \/>\nALLISON C-4<br \/>\nFendt<\/p>\n","protected":false},"featured_media":0,"comment_status":"open","ping_status":"closed","template":"","meta":[],"_links":{"self":[{"href":"https:\/\/winneroil.com\/pt-pt\/wp-json\/wp\/v2\/product\/5059"}],"collection":[{"href":"https:\/\/winneroil.com\/pt-pt\/wp-json\/wp\/v2\/product"}],"about":[{"href":"https:\/\/winneroil.com\/pt-pt\/wp-json\/wp\/v2\/types\/product"}],"replies":[{"embeddable":true,"href":"https:\/\/winneroil.com\/pt-pt\/wp-json\/wp\/v2\/comments?post=5059"}],"wp:attachment":[{"href":"https:\/\/winneroil.com\/pt-pt\/wp-json\/wp\/v2\/media?parent=5059"}],"curies":[{"name":"wp","href":"https:\/\/api.w.org\/{rel}","templated":true}]}}