{"id":5058,"date":"2011-08-18T17:12:00","date_gmt":"2011-08-18T15:12:00","guid":{"rendered":"http:\/\/winneroil.com\/producto\/sygnes-e3-15w40\/"},"modified":"2017-06-08T13:06:44","modified_gmt":"2017-06-08T11:06:44","slug":"sygnes-e3-15w40","status":"publish","type":"product","link":"https:\/\/winneroil.com\/pt-pt\/produto\/sygnes-e3-15w40\/","title":{"rendered":"SYGNES E3 15W40"},"content":{"rendered":"<p class=\"p1\">Lubrificante SHPD de alto rendimento e excelente n\u00edvel de qualidade, satisfazendo os requisitos mais exigentes dos fabricantes de motores de ve\u00edculos pesados e as classifica\u00e7\u00f5es e especifica\u00e7\u00f5es internacionais para lubrificantes com largos periodos entre mudan\u00e7as.<\/p>\n<p class=\"p1\">Excelente produto para todo o tipo de ve\u00edculos pesados com turbo.<\/p>\n","protected":false},"excerpt":{"rendered":"<p>API CG4\/CF\/SJ<br \/>\nACEA E3<br \/>\nMACK EOL+<br \/>\nMAN 3275-1<br \/>\nVOLVO VDS2<br \/>\nRENAULT RLD-2<br \/>\nCAT ECF-2<\/p>\n","protected":false},"featured_media":0,"comment_status":"open","ping_status":"closed","template":"","meta":[],"_links":{"self":[{"href":"https:\/\/winneroil.com\/pt-pt\/wp-json\/wp\/v2\/product\/5058"}],"collection":[{"href":"https:\/\/winneroil.com\/pt-pt\/wp-json\/wp\/v2\/product"}],"about":[{"href":"https:\/\/winneroil.com\/pt-pt\/wp-json\/wp\/v2\/types\/product"}],"replies":[{"embeddable":true,"href":"https:\/\/winneroil.com\/pt-pt\/wp-json\/wp\/v2\/comments?post=5058"}],"wp:attachment":[{"href":"https:\/\/winneroil.com\/pt-pt\/wp-json\/wp\/v2\/media?parent=5058"}],"curies":[{"name":"wp","href":"https:\/\/api.w.org\/{rel}","templated":true}]}}