{"id":5057,"date":"2011-08-18T17:12:00","date_gmt":"2011-08-18T15:12:00","guid":{"rendered":"http:\/\/winneroil.com\/producto\/sygnes-e9-15w40\/"},"modified":"2017-06-08T13:06:33","modified_gmt":"2017-06-08T11:06:33","slug":"sygnes-e9-15w40","status":"publish","type":"product","link":"https:\/\/winneroil.com\/pt-pt\/produto\/sygnes-e9-15w40\/","title":{"rendered":"SYGNES E9 15W40"},"content":{"rendered":"<p class=\"p1\">Lubrificante Sint\u00e9tico MID SAPS desenvolvido para satisfazer as necessidades dos motores diesel mais modernos tanto Eurupeus, Americanos como Japoneses.<\/p>\n<p class=\"p1\">Este lubrificante oferece uma protec\u00e7\u00e3o melhorada, maior vida \u00fatil e compatibilidade com os motores de baixas emiss\u00f5es que se utilizam em cami\u00f5es, autocarros, e m\u00e1q. obras p\u00fablicas.<\/p>\n","protected":false},"excerpt":{"rendered":"<p>API CJ-4\/SN\/SM<br \/>\nACEA E9<br \/>\nMB 228.31<br \/>\nMACK EO-O Premium Plus<br \/>\nVOLVO VDS-4<br \/>\nMAN M3575<br \/>\nRENAULT RLD-3<br \/>\nCUMMINS CES 20081<br \/>\nCAT ECF-3\/2\/1-a<br \/>\nMTU Type 2.1<br \/>\nDEUTZ DQC III-10LA<br \/>\nDetroit Diesel DDC 93K218<\/p>\n","protected":false},"featured_media":0,"comment_status":"open","ping_status":"closed","template":"","meta":[],"_links":{"self":[{"href":"https:\/\/winneroil.com\/pt-pt\/wp-json\/wp\/v2\/product\/5057"}],"collection":[{"href":"https:\/\/winneroil.com\/pt-pt\/wp-json\/wp\/v2\/product"}],"about":[{"href":"https:\/\/winneroil.com\/pt-pt\/wp-json\/wp\/v2\/types\/product"}],"replies":[{"embeddable":true,"href":"https:\/\/winneroil.com\/pt-pt\/wp-json\/wp\/v2\/comments?post=5057"}],"wp:attachment":[{"href":"https:\/\/winneroil.com\/pt-pt\/wp-json\/wp\/v2\/media?parent=5057"}],"curies":[{"name":"wp","href":"https:\/\/api.w.org\/{rel}","templated":true}]}}