{"id":5055,"date":"2011-08-18T17:12:00","date_gmt":"2011-08-18T15:12:00","guid":{"rendered":"http:\/\/winneroil.com\/producto\/sygnes-glp-15w40\/"},"modified":"2017-06-08T13:06:08","modified_gmt":"2017-06-08T11:06:08","slug":"sygnes-glp-15w40","status":"publish","type":"product","link":"https:\/\/winneroil.com\/pt-pt\/produto\/sygnes-glp-15w40\/","title":{"rendered":"SYGNES GLP 15W40"},"content":{"rendered":"<p class=\"p1\">Lubrificante de base mineral para ve\u00edculos industriais com motores a metano ou biog\u00e1s. A sua especial aditiva\u00e7\u00e3o permite prolongar os per\u00edodos de uso, evitar os fen\u00f3menos de degrada\u00e7\u00e3o relacionados com o uso de combust\u00edvel gasoso, inclusive com um alto conte\u00fado de sulfureto de hidrog\u00e9nio. Protege o motor perante os efeitos negativos da acumula\u00e7\u00e3o de dep\u00f3sitos que se produzem na c\u00e2mara de combust\u00e3o devido \u00e0s altas temperaturas provocadas pelo combust\u00edvel gasoso.<\/p>\n","protected":false},"excerpt":{"rendered":"<p>API CF<br \/>\nSAE 15W-40<br \/>\nMB-226.9<br \/>\nIVECO 18-1809<br \/>\nMAN M3271-1<\/p>\n","protected":false},"featured_media":0,"comment_status":"open","ping_status":"closed","template":"","meta":[],"_links":{"self":[{"href":"https:\/\/winneroil.com\/pt-pt\/wp-json\/wp\/v2\/product\/5055"}],"collection":[{"href":"https:\/\/winneroil.com\/pt-pt\/wp-json\/wp\/v2\/product"}],"about":[{"href":"https:\/\/winneroil.com\/pt-pt\/wp-json\/wp\/v2\/types\/product"}],"replies":[{"embeddable":true,"href":"https:\/\/winneroil.com\/pt-pt\/wp-json\/wp\/v2\/comments?post=5055"}],"wp:attachment":[{"href":"https:\/\/winneroil.com\/pt-pt\/wp-json\/wp\/v2\/media?parent=5055"}],"curies":[{"name":"wp","href":"https:\/\/api.w.org\/{rel}","templated":true}]}}