{"id":5050,"date":"2011-08-18T17:12:00","date_gmt":"2011-08-18T15:12:00","guid":{"rendered":"http:\/\/winneroil.com\/producto\/transwin-servowagen\/"},"modified":"2017-06-08T13:16:14","modified_gmt":"2017-06-08T11:16:14","slug":"transwin-servowagen","status":"publish","type":"product","link":"https:\/\/winneroil.com\/pt-pt\/produto\/transwin-servowagen\/","title":{"rendered":"TRANSWIN SERVOWAGEN"},"content":{"rendered":"<p class=\"p1\">Lubrificante sint\u00e9tico desenvolvido para as servo direc\u00e7\u00f5es do Grupo VAG, especialmente concebido com uma variedade de aditivos que lhe permitem um n\u00edvel de qualidade adequado.<\/p>\n","protected":false},"excerpt":{"rendered":"<p>VW TL 521-46<br \/>\nVOLVO STD 1273-36<\/p>\n","protected":false},"featured_media":0,"comment_status":"open","ping_status":"closed","template":"","meta":[],"_links":{"self":[{"href":"https:\/\/winneroil.com\/pt-pt\/wp-json\/wp\/v2\/product\/5050"}],"collection":[{"href":"https:\/\/winneroil.com\/pt-pt\/wp-json\/wp\/v2\/product"}],"about":[{"href":"https:\/\/winneroil.com\/pt-pt\/wp-json\/wp\/v2\/types\/product"}],"replies":[{"embeddable":true,"href":"https:\/\/winneroil.com\/pt-pt\/wp-json\/wp\/v2\/comments?post=5050"}],"wp:attachment":[{"href":"https:\/\/winneroil.com\/pt-pt\/wp-json\/wp\/v2\/media?parent=5050"}],"curies":[{"name":"wp","href":"https:\/\/api.w.org\/{rel}","templated":true}]}}