{"id":5049,"date":"2011-08-18T17:12:00","date_gmt":"2011-08-18T15:12:00","guid":{"rendered":"http:\/\/winneroil.com\/producto\/lava-parabrisas-20o\/"},"modified":"2017-08-04T14:27:25","modified_gmt":"2017-08-04T12:27:25","slug":"lava-parabrisas-20o","status":"publish","type":"product","link":"https:\/\/winneroil.com\/pt-pt\/produto\/lava-parabrisas-20o\/","title":{"rendered":"LAVA PARABRISAS -20\u00ba"},"content":{"rendered":"<p class=\"p1\">Limpa de forma instant\u00e2nea o p\u00e1ra-brisas e as \u00f3pticas do ve\u00edculo, evitando os reflexos do sol. Permite o seu uso a baixas temperaturas e<span class=\"Apple-converted-space\">\u00a0 <\/span>descongela o g\u00ealo formado sobre o vidro.<\/p>\n","protected":false},"excerpt":{"rendered":"<p>PUNTO DE CONGELACI\u00d3N -20\u00ba C<\/p>\n","protected":false},"featured_media":0,"comment_status":"open","ping_status":"closed","template":"","meta":[],"_links":{"self":[{"href":"https:\/\/winneroil.com\/pt-pt\/wp-json\/wp\/v2\/product\/5049"}],"collection":[{"href":"https:\/\/winneroil.com\/pt-pt\/wp-json\/wp\/v2\/product"}],"about":[{"href":"https:\/\/winneroil.com\/pt-pt\/wp-json\/wp\/v2\/types\/product"}],"replies":[{"embeddable":true,"href":"https:\/\/winneroil.com\/pt-pt\/wp-json\/wp\/v2\/comments?post=5049"}],"wp:attachment":[{"href":"https:\/\/winneroil.com\/pt-pt\/wp-json\/wp\/v2\/media?parent=5049"}],"curies":[{"name":"wp","href":"https:\/\/api.w.org\/{rel}","templated":true}]}}