{"id":5047,"date":"2011-08-18T17:12:00","date_gmt":"2011-08-18T15:12:00","guid":{"rendered":"http:\/\/winneroil.com\/producto\/concentrado\/"},"modified":"2017-06-08T13:33:05","modified_gmt":"2017-06-08T11:33:05","slug":"concentrado","status":"publish","type":"product","link":"https:\/\/winneroil.com\/pt-pt\/produto\/concentrado\/","title":{"rendered":"CONCENTRADO"},"content":{"rendered":"<p class=\"p1\">Flu\u00eddo refrigerante-anticongelante concentrado org\u00e2nico, especialmente indicado para a protec\u00e7\u00e3o de circuitos de refrigera\u00e7\u00e3o de motores de combust\u00e3o interna. Dilu\u00eddo com \u00e1gua destilada dependendo do grau de protec\u00e7\u00e3o desejado.<\/p>\n","protected":false},"excerpt":{"rendered":"<p>UNE 26.361.88<br \/>\nASTM D3360<br \/>\nSAE J 1034<br \/>\nBS 6580<\/p>\n","protected":false},"featured_media":0,"comment_status":"open","ping_status":"closed","template":"","meta":[],"_links":{"self":[{"href":"https:\/\/winneroil.com\/pt-pt\/wp-json\/wp\/v2\/product\/5047"}],"collection":[{"href":"https:\/\/winneroil.com\/pt-pt\/wp-json\/wp\/v2\/product"}],"about":[{"href":"https:\/\/winneroil.com\/pt-pt\/wp-json\/wp\/v2\/types\/product"}],"replies":[{"embeddable":true,"href":"https:\/\/winneroil.com\/pt-pt\/wp-json\/wp\/v2\/comments?post=5047"}],"wp:attachment":[{"href":"https:\/\/winneroil.com\/pt-pt\/wp-json\/wp\/v2\/media?parent=5047"}],"curies":[{"name":"wp","href":"https:\/\/api.w.org\/{rel}","templated":true}]}}