{"id":5046,"date":"2011-08-18T17:12:00","date_gmt":"2011-08-18T15:12:00","guid":{"rendered":"http:\/\/winneroil.com\/producto\/organico-g13\/"},"modified":"2017-08-29T12:30:32","modified_gmt":"2017-08-29T10:30:32","slug":"organico-g13","status":"publish","type":"product","link":"https:\/\/winneroil.com\/pt-pt\/produto\/organico-g13\/","title":{"rendered":"G13"},"content":{"rendered":"<p class=\"p1\">Aditivo refrigerante de uso directo (n\u00e3o necessita de dilui\u00e7\u00e3o) recomendado para uso em ve\u00edculos Audi, VW, Seat e Skoda onde o liquido anticongelante requeira a norma VW TL- 774-J<\/p>\n","protected":false},"excerpt":{"rendered":"<p>GRUPO VGA<br \/>\n(AUDI, SEAT, VOLKSWAGEN, SKODA) TL-774 J<\/p>\n","protected":false},"featured_media":0,"comment_status":"open","ping_status":"closed","template":"","meta":[],"_links":{"self":[{"href":"https:\/\/winneroil.com\/pt-pt\/wp-json\/wp\/v2\/product\/5046"}],"collection":[{"href":"https:\/\/winneroil.com\/pt-pt\/wp-json\/wp\/v2\/product"}],"about":[{"href":"https:\/\/winneroil.com\/pt-pt\/wp-json\/wp\/v2\/types\/product"}],"replies":[{"embeddable":true,"href":"https:\/\/winneroil.com\/pt-pt\/wp-json\/wp\/v2\/comments?post=5046"}],"wp:attachment":[{"href":"https:\/\/winneroil.com\/pt-pt\/wp-json\/wp\/v2\/media?parent=5046"}],"curies":[{"name":"wp","href":"https:\/\/api.w.org\/{rel}","templated":true}]}}