{"id":5045,"date":"2011-08-18T17:12:00","date_gmt":"2011-08-18T15:12:00","guid":{"rendered":"http:\/\/winneroil.com\/producto\/organico-g12-2\/"},"modified":"2017-08-29T12:29:47","modified_gmt":"2017-08-29T10:29:47","slug":"organico-g12-2","status":"publish","type":"product","link":"https:\/\/winneroil.com\/pt-pt\/produto\/organico-g12-2\/","title":{"rendered":"G12++"},"content":{"rendered":"<p class=\"p1\">Anticongelante refrigerante de \u00faltima gera\u00e7\u00e3o, desenvolvido para ve\u00edculos que requeiram tecnologia h\u00edbrida (aditivos org\u00e2nicos e silicatos). A sua aditiva\u00e7\u00e3o proporciona uma excelente protec\u00e7\u00e3o a todos os componentes do circuito de refrigera\u00e7\u00e3o de motores de combust\u00e3o interna.<\/p>\n","protected":false},"excerpt":{"rendered":"<p>TL 774G(G12++)<br \/>\nMAN 324 Type Si-OAT<br \/>\nMB 325.5<\/p>\n","protected":false},"featured_media":0,"comment_status":"open","ping_status":"closed","template":"","meta":[],"_links":{"self":[{"href":"https:\/\/winneroil.com\/pt-pt\/wp-json\/wp\/v2\/product\/5045"}],"collection":[{"href":"https:\/\/winneroil.com\/pt-pt\/wp-json\/wp\/v2\/product"}],"about":[{"href":"https:\/\/winneroil.com\/pt-pt\/wp-json\/wp\/v2\/types\/product"}],"replies":[{"embeddable":true,"href":"https:\/\/winneroil.com\/pt-pt\/wp-json\/wp\/v2\/comments?post=5045"}],"wp:attachment":[{"href":"https:\/\/winneroil.com\/pt-pt\/wp-json\/wp\/v2\/media?parent=5045"}],"curies":[{"name":"wp","href":"https:\/\/api.w.org\/{rel}","templated":true}]}}